{"id":32546,"date":"2025-12-14T14:39:40","date_gmt":"2025-12-14T13:39:40","guid":{"rendered":"https:\/\/shaman-shop.ch\/?post_type=product&#038;p=32546"},"modified":"2025-12-14T18:58:49","modified_gmt":"2025-12-14T17:58:49","slug":"double-tepi-bois-de-chonta-orange-rouge-kopie","status":"publish","type":"product","link":"https:\/\/shaman-shop.ch\/fr\/produkt\/double-tepi-bois-de-chonta-orange-rouge-kopie\/","title":{"rendered":"Double Tepi &#8211; Palo Sangre &#8211; Jaune \/ Vert"},"content":{"rendered":"<h1>Double Tepi du P\u00e9rou \u2013 Applicateur de Rap\u00e9 en bois de Palo Sangre avec un design inspir\u00e9 de Shipibo<\/h1>\n<p>Ce <strong>double t\u00e9pi<\/strong> est un applicateur de rap\u00e9 \u00e0 utiliser en couple. Il est fabriqu\u00e9 au <strong>P\u00e9rou<\/strong> et est fabriqu\u00e9 en <strong>bois de Palo Sangre<\/strong> \u2013 un bois dur dense et r\u00e9sistant, appr\u00e9ci\u00e9 pour sa stabilit\u00e9 et sa sensation agr\u00e9able. <\/p>\n<p>L\u2019applicateur est termin\u00e9 par <strong>une enveloppe perl\u00e9e dans des tons de vert et de jaune<\/strong> . Les motifs g\u00e9om\u00e9triques sont visuellement inspir\u00e9s de motifs de la <g id=\"gid_1\">culture Shipibo-Konibo<\/g> et sont utilis\u00e9s pour la d\u00e9coration. Ce n\u2019est pas un objet c\u00e9r\u00e9moniel traditionnel.  <\/p>\n<h2>Application<\/h2>\n<p>Un double t\u00e9pi est utilis\u00e9 pour l\u2019application du rap\u00e9 entre deux personnes. Le guide \u00e0 double bouche permet une transmission directe et contr\u00f4l\u00e9e, et convient aux rituels conscients, c\u00e9r\u00e9monies ou pratiques personnelles dans un contexte rituel. <\/p>\n<p>Gr\u00e2ce \u00e0 la solidit\u00e9 du bois Palo-Sangre, l\u2019applicateur tient bien en main et permet une application uniforme.<\/p>\n<h2>Produit<\/h2>\n<ul>\n<li>Double t\u00e9pi pour rap\u00e9 application \u00e0 deux<\/li>\n<li>Fabriqu\u00e9 au P\u00e9rou \u00e0 partir du bois de Palo Sangre<\/li>\n<li>Ornements perl\u00e9s en vert et jaune<\/li>\n<li>Design inspir\u00e9 des motifs Shipibo (non traditionnels)<\/li>\n<li>Produit naturel fait main &#8211; chaque pi\u00e8ce est unique<\/li>\n<\/ul>\n<h2>Indice<\/h2>\n<p>Ce produit est un <strong>produit naturel fait main<\/strong>. Des \u00e9carts de couleur du bois, d\u2019agencement ou de forme du bois sont possibles et ne constituent pas un d\u00e9faut. <\/p>\n<p>Un applicateur Rap\u00e9 fonctionnel fabriqu\u00e9 en bois dur de haute qualit\u00e9 pour un usage conscient et respectueux.<\/p>\n<p><!-- SEO Snippet --><\/p>\n<p><strong>Extrait SEO :<\/strong> Double Tepi du P\u00e9rou en bois de Palo Sangre \u2013 applicateur de rap\u00e9 avec un design inspir\u00e9 de Shipibo, adapt\u00e9 \u00e0 l\u2019application par paires de rap\u00e9.<\/p>\n","protected":false},"excerpt":{"rendered":"<ul>\n<li>Double t\u00e9pi pour rap\u00e9 application \u00e0 deux<\/li>\n<li>Fabriqu\u00e9 au P\u00e9rou \u00e0 partir du bois de Palo Sangre<\/li>\n<li>Ornements de perles vert et jaune, design inspir\u00e9 de Shipibo<\/li>\n<li>Produit naturel fait main &#8211; chaque pi\u00e8ce est unique<\/li>\n<\/ul>\n","protected":false},"featured_media":32558,"comment_status":"closed","ping_status":"closed","template":"","meta":[],"product_brand":[],"product_cat":[539,543,1312,546],"product_tag":[1498],"class_list":{"0":"post-32546","1":"product","2":"type-product","3":"status-publish","4":"has-post-thumbnail","6":"product_cat-tous-les-produits","7":"product_cat-002-kuripe-tepi-fr","8":"product_cat-rapee-sananga-fr","9":"product_cat-tepi-fr","10":"product_tag-double-tepi","11":"product_shipping_class-postpac-priority","12":"pa_herkunft-perou-fr","13":"pa_holzart-palo-sangre-fr","15":"first","16":"instock","17":"taxable","18":"shipping-taxable","19":"purchasable","20":"product-type-simple"},"lager_box_nr":"","_links":{"self":[{"href":"https:\/\/shaman-shop.ch\/fr\/wp-json\/wp\/v2\/product\/32546","targetHints":{"allow":["GET"]}}],"collection":[{"href":"https:\/\/shaman-shop.ch\/fr\/wp-json\/wp\/v2\/product"}],"about":[{"href":"https:\/\/shaman-shop.ch\/fr\/wp-json\/wp\/v2\/types\/product"}],"replies":[{"embeddable":true,"href":"https:\/\/shaman-shop.ch\/fr\/wp-json\/wp\/v2\/comments?post=32546"}],"version-history":[{"count":0,"href":"https:\/\/shaman-shop.ch\/fr\/wp-json\/wp\/v2\/product\/32546\/revisions"}],"wp:featuredmedia":[{"embeddable":true,"href":"https:\/\/shaman-shop.ch\/fr\/wp-json\/wp\/v2\/media\/32558"}],"wp:attachment":[{"href":"https:\/\/shaman-shop.ch\/fr\/wp-json\/wp\/v2\/media?parent=32546"}],"wp:term":[{"taxonomy":"product_brand","embeddable":true,"href":"https:\/\/shaman-shop.ch\/fr\/wp-json\/wp\/v2\/product_brand?post=32546"},{"taxonomy":"product_cat","embeddable":true,"href":"https:\/\/shaman-shop.ch\/fr\/wp-json\/wp\/v2\/product_cat?post=32546"},{"taxonomy":"product_tag","embeddable":true,"href":"https:\/\/shaman-shop.ch\/fr\/wp-json\/wp\/v2\/product_tag?post=32546"}],"curies":[{"name":"wp","href":"https:\/\/api.w.org\/{rel}","templated":true}]}}