{"id":31328,"date":"2025-11-04T10:17:02","date_gmt":"2025-11-04T09:17:02","guid":{"rendered":"https:\/\/shaman-shop.ch\/?post_type=product&#038;p=31328"},"modified":"2025-11-04T10:17:04","modified_gmt":"2025-11-04T09:17:04","slug":"encens-japonais-shoyeido-eternal-treasure-hoh-koh","status":"publish","type":"product","link":"https:\/\/shaman-shop.ch\/fr\/produkt\/encens-japonais-shoyeido-eternal-treasure-hoh-koh\/","title":{"rendered":"Encens Japonais Shoyeido \u2013 Eternal Treasure (Hoh-koh)"},"content":{"rendered":"<h3>Encens Japonais Shoyeido \u2013 Eternal Treasure (Hoh-koh)<\/h3>\n<p>D\u00e9couvrez \u00ab\u00a0Eternal Treasure\u00a0\u00bb (Hoh-koh), l&rsquo;un des parfums les plus appr\u00e9ci\u00e9s de la s\u00e9rie \u00ab\u00a0Daily Incense\u00a0\u00bb de Shoyeido. Ce classique intemporel a \u00e9t\u00e9 con\u00e7u pour enrichir le quotidien d&rsquo;un sentiment de bien-\u00eatre et de paix int\u00e9rieure.<\/p>\n<h4>Un Parfum pour la Pleine Conscience et le Bien-\u00eatre<\/h4>\n<p>\u00ab\u00a0Eternal Treasure\u00a0\u00bb est un v\u00e9ritable tr\u00e9sor de la culture olfactive japonaise. Sa recette, bas\u00e9e sur un savoir-faire traditionnel, incarne un \u00e9quilibre parfait, \u00e0 la fois apaisant et stimulant. Le parfum cr\u00e9e une atmosph\u00e8re de r\u00e9confort et de concentration.<\/p>\n<ul>\n<li><strong>Profil Olfactif :<\/strong> Un m\u00e9lange merveilleusement \u00e9quilibr\u00e9 de la chaleur enveloppante du bois de santal et de la douceur \u00e9pic\u00e9e de la cannelle et du clou de girofle. Le parfum est riche mais doux, laissant une sensation de clart\u00e9.<\/li>\n<li><strong>Utilisation :<\/strong> Id\u00e9al pour un usage quotidien afin de favoriser la pleine conscience, de cr\u00e9er une ambiance m\u00e9ditative ou simplement de se d\u00e9tendre apr\u00e8s une longue journ\u00e9e.<\/li>\n<li><strong>Classique Populaire :<\/strong> En tant que l&rsquo;un des best-sellers de Shoyeido, \u00ab\u00a0Eternal Treasure\u00a0\u00bb est le choix parfait pour les d\u00e9butants comme pour les amateurs de longue date d&rsquo;encens japonais.<\/li>\n<\/ul>\n","protected":false},"excerpt":{"rendered":"<ul>\n<li><strong>Authentiquement Japonais :<\/strong> Fabriqu\u00e9 par Shoyeido, l&rsquo;un des fabricants d&rsquo;encens les plus r\u00e9put\u00e9s du Japon avec plus de 300 ans de tradition.<\/li>\n<li><strong>Parfum Intemporel :<\/strong> Un m\u00e9lange chaud, doux et \u00e9pic\u00e9 qui compte parmi les parfums les plus populaires de Shoyeido depuis des d\u00e9cennies.<\/li>\n<li><strong>Peu de Fum\u00e9e &amp; Pur :<\/strong> Produit une fum\u00e9e fine, \u00e0 peine visible, et un parfum pur sans huiles synth\u00e9tiques ni tige de bambou.<\/li>\n<li><strong>Recette Magistrale :<\/strong> Une composition parfaitement \u00e9quilibr\u00e9e de bois de santal, de cannelle, de clou de girofle et d&rsquo;autres \u00e9pices secr\u00e8tes.<\/li>\n<\/ul>\n","protected":false},"featured_media":31327,"comment_status":"open","ping_status":"closed","template":"","meta":[],"product_brand":[],"product_cat":[539,1158,631],"product_tag":[1122,1648],"class_list":{"0":"post-31328","1":"product","2":"type-product","3":"status-publish","4":"has-post-thumbnail","6":"product_cat-tous-les-produits","7":"product_cat-baton-joss","8":"product_cat-encens","9":"product_tag-baton-joss","10":"product_tag-japon","11":"product_shipping_class-a-post","12":"pa_herkunft-japon","14":"first","15":"instock","16":"shipping-taxable","17":"purchasable","18":"product-type-simple"},"lager_box_nr":"","_links":{"self":[{"href":"https:\/\/shaman-shop.ch\/fr\/wp-json\/wp\/v2\/product\/31328","targetHints":{"allow":["GET"]}}],"collection":[{"href":"https:\/\/shaman-shop.ch\/fr\/wp-json\/wp\/v2\/product"}],"about":[{"href":"https:\/\/shaman-shop.ch\/fr\/wp-json\/wp\/v2\/types\/product"}],"replies":[{"embeddable":true,"href":"https:\/\/shaman-shop.ch\/fr\/wp-json\/wp\/v2\/comments?post=31328"}],"version-history":[{"count":0,"href":"https:\/\/shaman-shop.ch\/fr\/wp-json\/wp\/v2\/product\/31328\/revisions"}],"wp:featuredmedia":[{"embeddable":true,"href":"https:\/\/shaman-shop.ch\/fr\/wp-json\/wp\/v2\/media\/31327"}],"wp:attachment":[{"href":"https:\/\/shaman-shop.ch\/fr\/wp-json\/wp\/v2\/media?parent=31328"}],"wp:term":[{"taxonomy":"product_brand","embeddable":true,"href":"https:\/\/shaman-shop.ch\/fr\/wp-json\/wp\/v2\/product_brand?post=31328"},{"taxonomy":"product_cat","embeddable":true,"href":"https:\/\/shaman-shop.ch\/fr\/wp-json\/wp\/v2\/product_cat?post=31328"},{"taxonomy":"product_tag","embeddable":true,"href":"https:\/\/shaman-shop.ch\/fr\/wp-json\/wp\/v2\/product_tag?post=31328"}],"curies":[{"name":"wp","href":"https:\/\/api.w.org\/{rel}","templated":true}]}}