{"id":29059,"date":"2025-09-06T01:29:30","date_gmt":"2025-09-05T23:29:30","guid":{"rendered":"https:\/\/shaman-shop.ch\/?post_type=product&#038;p=29059"},"modified":"2025-10-18T17:09:30","modified_gmt":"2025-10-18T15:09:30","slug":"tepi-applicateur-rape-rouge-argent-noir-kopie","status":"publish","type":"product","link":"https:\/\/shaman-shop.ch\/fr\/produkt\/tepi-applicateur-rape-rouge-argent-noir-kopie\/","title":{"rendered":"Tepi &#8211; Applicateur Rap\u00e9 &#8211; vert, blanc"},"content":{"rendered":"<h3>Tepi en bois de chonta &#8211; motif shipibo &amp; symbolisme aya<\/h3>\n<p><strong>Tepi (applicateur de rap\u00e9)<\/strong> artisanal du P\u00e9rou. Fabriqu\u00e9 en <strong>bois de chonta<\/strong> robuste et traditionnellement appr\u00e9ci\u00e9, il est habilement d\u00e9cor\u00e9 de perles de verre aux <strong>motifs shipibo<\/strong>. Le design porte <strong>le symbole de l&rsquo;ayahuasca<\/strong> (Aya), qui rend hommage \u00e0 la connexion avec les esprits des plantes et les visions de la tradition Shipibo.  <\/p>\n<h4>Particularit\u00e9s<\/h4>\n<ul>\n<li><strong>Mat\u00e9riau :<\/strong> bois de chonta &amp; perles de verre<\/li>\n<li><strong>D\u00e9coration :<\/strong> motif traditionnel Shipibo en vert, blanc, rouge &amp; noir<\/li>\n<li><strong>Symbolique :<\/strong> Aya \/ motifs ayahuasca<\/li>\n<li><strong>Origine:<\/strong> P\u00e9rou<\/li>\n<li><strong>Travail manuel :<\/strong> Chaque pi\u00e8ce est unique &#8211; de l\u00e9g\u00e8res variations de couleur et de motifs de perles sont possibles.<\/li>\n<\/ul>\n<h4>Utilisation<\/h4>\n<ul>\n<li>Pour une application consciente du rap\u00e9 dans les rituels et les c\u00e9r\u00e9monies.<\/li>\n<li>Conseil d&rsquo;entretien : stocker au sec ; nourrir le bois de temps en temps avec de l&rsquo;huile naturelle.<\/li>\n<\/ul>\n","protected":false},"excerpt":{"rendered":"<ul>\n<li>Tepi artisanal en bois de chonta<\/li>\n<li>Motif de perles Shipibo &amp; symbolisme Aya<\/li>\n<li>Outil Rap\u00e9 traditionnel du P\u00e9rou pour les rituels et les c\u00e9r\u00e9monies<\/li>\n<\/ul>\n","protected":false},"featured_media":29062,"comment_status":"open","ping_status":"closed","template":"","meta":[],"product_brand":[],"product_cat":[539,543,1312,546],"product_tag":[830,910],"class_list":{"0":"post-29059","1":"product","2":"type-product","3":"status-publish","4":"has-post-thumbnail","6":"product_cat-tous-les-produits","7":"product_cat-002-kuripe-tepi-fr","8":"product_cat-rapee-sananga-fr","9":"product_cat-tepi-fr","10":"product_tag-applicateur-rape","11":"product_tag-tepi-fr","12":"product_shipping_class-postpac-priority","13":"pa_herkunft-perou-fr","14":"pa_holzart-bois-de-chonta","16":"first","17":"instock","18":"taxable","19":"shipping-taxable","20":"purchasable","21":"product-type-simple"},"lager_box_nr":"","_links":{"self":[{"href":"https:\/\/shaman-shop.ch\/fr\/wp-json\/wp\/v2\/product\/29059","targetHints":{"allow":["GET"]}}],"collection":[{"href":"https:\/\/shaman-shop.ch\/fr\/wp-json\/wp\/v2\/product"}],"about":[{"href":"https:\/\/shaman-shop.ch\/fr\/wp-json\/wp\/v2\/types\/product"}],"replies":[{"embeddable":true,"href":"https:\/\/shaman-shop.ch\/fr\/wp-json\/wp\/v2\/comments?post=29059"}],"version-history":[{"count":0,"href":"https:\/\/shaman-shop.ch\/fr\/wp-json\/wp\/v2\/product\/29059\/revisions"}],"wp:featuredmedia":[{"embeddable":true,"href":"https:\/\/shaman-shop.ch\/fr\/wp-json\/wp\/v2\/media\/29062"}],"wp:attachment":[{"href":"https:\/\/shaman-shop.ch\/fr\/wp-json\/wp\/v2\/media?parent=29059"}],"wp:term":[{"taxonomy":"product_brand","embeddable":true,"href":"https:\/\/shaman-shop.ch\/fr\/wp-json\/wp\/v2\/product_brand?post=29059"},{"taxonomy":"product_cat","embeddable":true,"href":"https:\/\/shaman-shop.ch\/fr\/wp-json\/wp\/v2\/product_cat?post=29059"},{"taxonomy":"product_tag","embeddable":true,"href":"https:\/\/shaman-shop.ch\/fr\/wp-json\/wp\/v2\/product_tag?post=29059"}],"curies":[{"name":"wp","href":"https:\/\/api.w.org\/{rel}","templated":true}]}}