{"id":28443,"date":"2025-08-12T00:27:23","date_gmt":"2025-08-11T22:27:23","guid":{"rendered":"https:\/\/shaman-shop.ch\/?post_type=product&#038;p=28443"},"modified":"2025-08-17T15:49:50","modified_gmt":"2025-08-17T13:49:50","slug":"chakapa-kopie-kopie","status":"publish","type":"product","link":"https:\/\/shaman-shop.ch\/fr\/produkt\/chakapa-kopie-kopie\/","title":{"rendered":"Chakapa &#8211; Style Shipibo"},"content":{"rendered":"<p>Le chakapa, \u00e9galement appel\u00e9 \u00ab\u00a0hochet de feuilles\u00a0\u00bb, est un outil rituel ancestral fabriqu\u00e9 et utilis\u00e9 par les communaut\u00e9s indig\u00e8nes de la for\u00eat tropicale p\u00e9ruvienne. Il se compose de feuilles s\u00e9ch\u00e9es de pariana, soigneusement regroup\u00e9es et munies d&rsquo;un manche artistiquement d\u00e9cor\u00e9. <\/p>\n<h3>Importance culturelle<\/h3>\n<p>Dans les c\u00e9r\u00e9monies des Shipibo-Conibo et d&rsquo;autres peuples d&rsquo;Amazonie, le chakapa est utilis\u00e9 pour produire des sons de gu\u00e9rison. Le doux bruissement qu&rsquo;il produit lorsqu&rsquo;on le secoue a un effet apaisant, clarifiant et favorisant la purification \u00e9nerg\u00e9tique de la salle de c\u00e9r\u00e9monie ainsi que des participants. <\/p>\n<h3>Production<\/h3>\n<p>Chaque chakapa est fabriqu\u00e9 \u00e0 la main \u00e0 partir de feuilles fra\u00eeches qui sont s\u00e9ch\u00e9es d\u00e9licatement au soleil. Le manche est orn\u00e9 de motifs traditionnels, souvent inspir\u00e9s des visions du travail chamanique. <\/p>\n<h3>Application et entretien<\/h3>\n<p>Lors de sa premi\u00e8re r\u00e9ception, le chakapa peut \u00eatre l\u00e9g\u00e8rement vaporis\u00e9 d&rsquo;eau et mis en forme d\u00e9licatement pour d\u00e9velopper son volume. Apr\u00e8s utilisation, il est recommand\u00e9 de la conserver au sec et \u00e0 l&rsquo;abri de la lumi\u00e8re directe du soleil. Pour la purifier \u00e9nerg\u00e9tiquement, on peut la faire passer de temps en temps dans la fum\u00e9e de palo santo ou de copal.  <\/p>\n<h3>Caract\u00e9ristiques du produit<\/h3>\n<ul>\n<li>Travail artisanal en Amazonie p\u00e9ruvienne<\/li>\n<li>Feuilles de pariana<\/li>\n<li>Utilis\u00e9 dans les rituels traditionnels de gu\u00e9rison et de purification<\/li>\n<li>D\u00e9coration avec un authentique motif shipibo<\/li>\n<\/ul>\n","protected":false},"excerpt":{"rendered":"<ul>\n<li>Chakapa traditionnel de l&rsquo;Amazonie p\u00e9ruvienne<\/li>\n<li>Fabriqu\u00e9 \u00e0 la main \u00e0 partir de feuilles de pariana<\/li>\n<li>Un bruit doux pour la purification et l&rsquo;harmonie<\/li>\n<li>Avec motif Shipibo original sur la poign\u00e9e<\/li>\n<\/ul>\n","protected":false},"featured_media":28446,"comment_status":"open","ping_status":"closed","template":"","meta":[],"product_brand":[],"product_cat":[635,539],"product_tag":[756],"class_list":{"0":"post-28443","1":"product","2":"type-product","3":"status-publish","4":"has-post-thumbnail","6":"product_cat-instruments-fr","7":"product_cat-tous-les-produits","8":"product_tag-chakapa-fr","9":"product_shipping_class-postpac-priority","10":"pa_herkunft-perou-fr","12":"first","13":"outofstock","14":"shipping-taxable","15":"purchasable","16":"product-type-simple"},"lager_box_nr":"","_links":{"self":[{"href":"https:\/\/shaman-shop.ch\/fr\/wp-json\/wp\/v2\/product\/28443","targetHints":{"allow":["GET"]}}],"collection":[{"href":"https:\/\/shaman-shop.ch\/fr\/wp-json\/wp\/v2\/product"}],"about":[{"href":"https:\/\/shaman-shop.ch\/fr\/wp-json\/wp\/v2\/types\/product"}],"replies":[{"embeddable":true,"href":"https:\/\/shaman-shop.ch\/fr\/wp-json\/wp\/v2\/comments?post=28443"}],"version-history":[{"count":0,"href":"https:\/\/shaman-shop.ch\/fr\/wp-json\/wp\/v2\/product\/28443\/revisions"}],"wp:featuredmedia":[{"embeddable":true,"href":"https:\/\/shaman-shop.ch\/fr\/wp-json\/wp\/v2\/media\/28446"}],"wp:attachment":[{"href":"https:\/\/shaman-shop.ch\/fr\/wp-json\/wp\/v2\/media?parent=28443"}],"wp:term":[{"taxonomy":"product_brand","embeddable":true,"href":"https:\/\/shaman-shop.ch\/fr\/wp-json\/wp\/v2\/product_brand?post=28443"},{"taxonomy":"product_cat","embeddable":true,"href":"https:\/\/shaman-shop.ch\/fr\/wp-json\/wp\/v2\/product_cat?post=28443"},{"taxonomy":"product_tag","embeddable":true,"href":"https:\/\/shaman-shop.ch\/fr\/wp-json\/wp\/v2\/product_tag?post=28443"}],"curies":[{"name":"wp","href":"https:\/\/api.w.org\/{rel}","templated":true}]}}