{"id":26938,"date":"2025-05-30T20:35:23","date_gmt":"2025-05-30T18:35:23","guid":{"rendered":"https:\/\/shaman-shop.ch\/produkt\/bracelet-de-pierres-precieuses-chakra-equilibre-flux-denergie-2\/"},"modified":"2025-08-17T15:48:45","modified_gmt":"2025-08-17T13:48:45","slug":"bracelet-de-pierres-precieuses-chakra-equilibre-flux-denergie-2","status":"publish","type":"product","link":"https:\/\/shaman-shop.ch\/fr\/produkt\/bracelet-de-pierres-precieuses-chakra-equilibre-flux-denergie-2\/","title":{"rendered":"Bracelet de pierres pr\u00e9cieuses Chakra &#8211; Equilibre &amp; flux d&rsquo;\u00e9nergie"},"content":{"rendered":"<p data-start=\"211\" data-end=\"283\"><strong data-start=\"211\" data-end=\"283\">Bracelet de chakra &#8211; \u00e9quilibre &amp; flux d&rsquo;\u00e9nergie | Bracelet de pierres pr\u00e9cieuses 8 mm<\/strong><\/p>\n<p data-start=\"285\" data-end=\"560\">Ce bracelet de pierres pr\u00e9cieuses aux couleurs vives r\u00e9unit sept pierres puissantes qui sont traditionnellement associ\u00e9es aux sept chakras du corps. Chaque pierre apporte sa propre \u00e9nergie symbolique &#8211; ensemble, elles favorisent un sentiment d \u00ab \u00e9quilibre, d \u00bb \u00e9quilibre int\u00e9rieur et de vitalit\u00e9. <\/p>\n<p data-start=\"562\" data-end=\"584\"><strong data-start=\"565\" data-end=\"582\">Caract\u00e9ristiques<\/strong><\/p>\n<ul data-start=\"585\" data-end=\"826\">\n<li data-start=\"585\" data-end=\"693\">\n<p data-start=\"587\" data-end=\"693\">Contient 7 pierres pr\u00e9cieuses : Am\u00e9thyste, Cristal de roche, Sodalite, Aventurine, Cornaline, Pierre de miel &amp; Agate noire<\/p>\n<\/li>\n<li data-start=\"694\" data-end=\"725\">\n<p data-start=\"696\" data-end=\"725\">Diam\u00e8tre des perles : environ 8 mm<\/p>\n<\/li>\n<li data-start=\"726\" data-end=\"785\">\n<p data-start=\"728\" data-end=\"785\">Sur bande \u00e9lastique &#8211; s&rsquo;adapte confortablement \u00e0 tous les poignets<\/p>\n<\/li>\n<li data-start=\"786\" data-end=\"826\">\n<p data-start=\"788\" data-end=\"826\">Unisexe &#8211; id\u00e9al pour les femmes et les hommes<\/p>\n<\/li>\n<\/ul>\n<p data-start=\"828\" data-end=\"958\"><strong data-start=\"830\" data-end=\"858\">Signification des pierres pr\u00e9cieuses<\/strong><br data-start=\"858\" data-end=\"861\">Depuis des si\u00e8cles, chacune des sept pierres est associ\u00e9e \u00e0 des centres \u00e9nerg\u00e9tiques sp\u00e9cifiques (chakras) :<\/p>\n<ul data-start=\"960\" data-end=\"1427\">\n<li data-start=\"960\" data-end=\"1038\">\n<p data-start=\"962\" data-end=\"1038\"><strong data-start=\"962\" data-end=\"974\">Am\u00e9thyste<\/strong> &#8211; clart\u00e9 mentale &amp; conscience spirituelle (chakra de la couronne)<\/p>\n<\/li>\n<li data-start=\"1039\" data-end=\"1113\">\n<p data-start=\"1041\" data-end=\"1113\"><strong data-start=\"1041\" data-end=\"1071\">Cristal de roche (Rock Quartz)<\/strong> &#8211; Clart\u00e9 &amp; flux d&rsquo;\u00e9nergie (chakra frontal)<\/p>\n<\/li>\n<li data-start=\"1114\" data-end=\"1176\">\n<p data-start=\"1116\" data-end=\"1176\"><strong data-start=\"1116\" data-end=\"1128\">Sodalite<\/strong> &#8211; Communication &amp; Expression de soi (chakra de la gorge)<\/p>\n<\/li>\n<li data-start=\"1177\" data-end=\"1243\">\n<p data-start=\"1179\" data-end=\"1243\"><strong data-start=\"1179\" data-end=\"1199\">Aventurine verte<\/strong> &#8211; joie de vivre &amp; ouverture du c\u0153ur (chakra du c\u0153ur)<\/p>\n<\/li>\n<li data-start=\"1244\" data-end=\"1314\">\n<p data-start=\"1246\" data-end=\"1314\"><strong data-start=\"1246\" data-end=\"1260\">Pierre de miel<\/strong> &#8211; Cr\u00e9ativit\u00e9 &amp; confiance en soi (chakra du plexus solaire)<\/p>\n<\/li>\n<li data-start=\"1315\" data-end=\"1370\">\n<p data-start=\"1317\" data-end=\"1370\"><strong data-start=\"1317\" data-end=\"1328\">Cornaline<\/strong> &#8211; vitalit\u00e9 &amp; joie de vivre (chakra sacr\u00e9)<\/p>\n<\/li>\n<li data-start=\"1371\" data-end=\"1427\">\n<p data-start=\"1373\" data-end=\"1427\"><strong data-start=\"1373\" data-end=\"1392\">Agate noire<\/strong> &#8211; mise \u00e0 la terre et protection (chakra racine)<\/p>\n<\/li>\n<\/ul>\n<p data-start=\"1429\" data-end=\"1535\">De nombreuses personnes utilisent de tels bracelets comme compagnons de m\u00e9ditation, de yoga ou d&rsquo;organisation consciente de la vie quotidienne.<\/p>\n<p data-start=\"1537\" data-end=\"1716\">\ud83c\udf81 <strong data-start=\"1540\" data-end=\"1574\">Cadeau id\u00e9al avec une signification<\/strong><br data-start=\"1574\" data-end=\"1577\">Que ce soit pour un anniversaire, un petit remerciement ou un cadeau pour prendre soin de soi, ce bracelet de chakra allie style et profondeur spirituelle.<\/p>\n","protected":false},"excerpt":{"rendered":"<ul>\n<li data-start=\"1762\" data-end=\"1819\">\n<p data-start=\"1764\" data-end=\"1819\">Bracelet de pierres pr\u00e9cieuses avec 7 pierres de chakra (\u00d8 environ 8 mm)<\/p>\n<\/li>\n<li data-start=\"1820\" data-end=\"1869\">\n<p data-start=\"1822\" data-end=\"1869\">Symbole d \u00ab \u00e9quilibre, de flux d \u00bb \u00e9nergie et d&rsquo;harmonie<\/p>\n<\/li>\n<li data-start=\"1870\" data-end=\"1924\">\n<p data-start=\"1872\" data-end=\"1924\">Extensible &#8211; s&rsquo;adapte confortablement \u00e0 tous les poignets<\/p>\n<\/li>\n<\/ul>\n","protected":false},"featured_media":26900,"comment_status":"open","ping_status":"closed","template":"","meta":[],"product_brand":[],"product_cat":[539,644,592],"product_tag":[1553,1554],"class_list":{"0":"post-26938","1":"product","2":"type-product","3":"status-publish","4":"has-post-thumbnail","6":"product_cat-tous-les-produits","7":"product_cat-bijoux","8":"product_cat-textiles-et-accessoires","9":"product_tag-bracelet-de-pierres-precieuses","10":"product_tag-chakra-fr","11":"product_shipping_class-a-post","12":"pa_herkunft-chine","14":"first","15":"instock","16":"shipping-taxable","17":"purchasable","18":"product-type-simple"},"lager_box_nr":"","_links":{"self":[{"href":"https:\/\/shaman-shop.ch\/fr\/wp-json\/wp\/v2\/product\/26938","targetHints":{"allow":["GET"]}}],"collection":[{"href":"https:\/\/shaman-shop.ch\/fr\/wp-json\/wp\/v2\/product"}],"about":[{"href":"https:\/\/shaman-shop.ch\/fr\/wp-json\/wp\/v2\/types\/product"}],"replies":[{"embeddable":true,"href":"https:\/\/shaman-shop.ch\/fr\/wp-json\/wp\/v2\/comments?post=26938"}],"version-history":[{"count":0,"href":"https:\/\/shaman-shop.ch\/fr\/wp-json\/wp\/v2\/product\/26938\/revisions"}],"wp:featuredmedia":[{"embeddable":true,"href":"https:\/\/shaman-shop.ch\/fr\/wp-json\/wp\/v2\/media\/26900"}],"wp:attachment":[{"href":"https:\/\/shaman-shop.ch\/fr\/wp-json\/wp\/v2\/media?parent=26938"}],"wp:term":[{"taxonomy":"product_brand","embeddable":true,"href":"https:\/\/shaman-shop.ch\/fr\/wp-json\/wp\/v2\/product_brand?post=26938"},{"taxonomy":"product_cat","embeddable":true,"href":"https:\/\/shaman-shop.ch\/fr\/wp-json\/wp\/v2\/product_cat?post=26938"},{"taxonomy":"product_tag","embeddable":true,"href":"https:\/\/shaman-shop.ch\/fr\/wp-json\/wp\/v2\/product_tag?post=26938"}],"curies":[{"name":"wp","href":"https:\/\/api.w.org\/{rel}","templated":true}]}}