{"id":26101,"date":"2025-04-10T00:04:50","date_gmt":"2025-04-09T22:04:50","guid":{"rendered":"https:\/\/shaman-shop.ch\/produkt\/nukini-rape-nettoyage-de-laura\/"},"modified":"2026-04-13T21:51:38","modified_gmt":"2026-04-13T19:51:38","slug":"nukini-rape-nettoyage-de-laura","status":"publish","type":"product","link":"https:\/\/shaman-shop.ch\/fr\/produkt\/nukini-rape-nettoyage-de-laura\/","title":{"rendered":"Nukini Rap\u00e9 &#8211; Nettoyage de l\u2019aura"},"content":{"rendered":"<h1>Nukini Rap\u00e9 &#8211; Nettoyage de l\u2019aura<\/h1>\n<p>Le Rap\u00e9 Aura Cleanse est un m\u00e9lange botanique soigneusement \u00e9quilibr\u00e9 de feuillage s\u00e9ch\u00e9 de Sabia, de fr\u00eane Sanu traditionnel et de l\u2019herbe aromatique et fra\u00eeche <strong data-start=\"600\" data-end=\"610\">Lourim<\/strong> (\u00e9galement connue sous le nom <em data-start=\"629\" data-end=\"639\">de Lourinho<\/em>). Cette composition provient d\u2019un cr\u00e9ateur exp\u00e9riment\u00e9 de nukini, appr\u00e9ci\u00e9 pour des assemblages bien connus tels que le Sansara et les Roses Blanches.<\/p>\n<h4 class=\"\" data-start=\"780\" data-end=\"835\">Le pouvoir traditionnel des plantes pour le nettoyage rituel<\/h4>\n<p class=\"\" data-start=\"837\" data-end=\"1219\">Ce m\u00e9lange est utilis\u00e9 dans <strong data-start=\"892\" data-end=\"920\">les cultures autochtones pour la purification \u00e9nerg\u00e9tique rituelle<\/strong> et pour soutenir les pratiques spirituelles. Le <strong data-start=\"996\" data-end=\"1006\">Lourim<\/strong> inclus, une herbe des familles Pixuri et Nisural, est r\u00e9put\u00e9 pour son parfum frais et menthol\u00e9 qui dynamise et cr\u00e9e une atmosph\u00e8re clarifiante \u2013 id\u00e9ale pour les c\u00e9r\u00e9monies ou les rituels chamaniques.<\/p>\n<h4 class=\"\" data-start=\"1221\" data-end=\"1276\">Fr\u00eane de Sanu<\/h4>\n<p class=\"\" data-start=\"1278\" data-end=\"1612\"><strong data-start=\"1278\" data-end=\"1292\">La cendre de Sanu,<\/strong> produite par la combustion rituelle de certaines parties de la plante, est appr\u00e9ci\u00e9e dans les traditions chamaniques pour sa qualit\u00e9 purifiante. En combinaison avec le feuillage Sabia, le r\u00e9sultat est un m\u00e9lange puissant qui peut contribuer \u00e0 <strong data-start=\"1529\" data-end=\"1558\">l\u2019harmonisation<\/strong> et \u00e0 la <strong data-start=\"1567\" data-end=\"1596\">centralit\u00e9 \u00e9nerg\u00e9tique<\/strong> . <\/p>\n","protected":false},"excerpt":{"rendered":"<ul>\n<li class=\"\" data-start=\"305\" data-end=\"462\">\n<p class=\"\" data-start=\"307\" data-end=\"462\">M\u00e9lange v\u00e9g\u00e9tal traditionnel de feuillage de Sabia, de fr\u00eane v\u00e9g\u00e9tal de Sanu et de l\u2019herbe aromatique Lourim (Lourinho), utilis\u00e9 dans un contexte rituel.<\/p>\n<\/li>\n<li class=\"\" data-start=\"463\" data-end=\"594\">\n<p class=\"\" data-start=\"465\" data-end=\"594\">Lourim, de la famille des pixuris, est utilis\u00e9 dans les cultures indig\u00e8nes pour l&rsquo;harmonisation \u00e9nerg\u00e9tique et la purification spirituelle.<\/p>\n<\/li>\n<\/ul>\n","protected":false},"featured_media":30487,"comment_status":"open","ping_status":"closed","template":"","meta":[],"product_brand":[],"product_cat":[539,1924,549,1312],"product_tag":[1932,934],"class_list":{"0":"post-26101","1":"product","2":"type-product","3":"status-publish","4":"has-post-thumbnail","6":"product_cat-tous-les-produits","7":"product_cat-black-friday","8":"product_cat-001-rape-fr","9":"product_cat-rapee-sananga-fr","10":"product_tag-noir","11":"product_tag-nukini-fr","12":"product_shipping_class-a-post","13":"pa_herkunft-bresil","14":"pa_tribe-nukini-fr","16":"first","17":"instock","18":"shipping-taxable","19":"purchasable","20":"product-type-variable","21":"has-default-attributes"},"lager_box_nr":"","_links":{"self":[{"href":"https:\/\/shaman-shop.ch\/fr\/wp-json\/wp\/v2\/product\/26101","targetHints":{"allow":["GET"]}}],"collection":[{"href":"https:\/\/shaman-shop.ch\/fr\/wp-json\/wp\/v2\/product"}],"about":[{"href":"https:\/\/shaman-shop.ch\/fr\/wp-json\/wp\/v2\/types\/product"}],"replies":[{"embeddable":true,"href":"https:\/\/shaman-shop.ch\/fr\/wp-json\/wp\/v2\/comments?post=26101"}],"version-history":[{"count":0,"href":"https:\/\/shaman-shop.ch\/fr\/wp-json\/wp\/v2\/product\/26101\/revisions"}],"wp:featuredmedia":[{"embeddable":true,"href":"https:\/\/shaman-shop.ch\/fr\/wp-json\/wp\/v2\/media\/30487"}],"wp:attachment":[{"href":"https:\/\/shaman-shop.ch\/fr\/wp-json\/wp\/v2\/media?parent=26101"}],"wp:term":[{"taxonomy":"product_brand","embeddable":true,"href":"https:\/\/shaman-shop.ch\/fr\/wp-json\/wp\/v2\/product_brand?post=26101"},{"taxonomy":"product_cat","embeddable":true,"href":"https:\/\/shaman-shop.ch\/fr\/wp-json\/wp\/v2\/product_cat?post=26101"},{"taxonomy":"product_tag","embeddable":true,"href":"https:\/\/shaman-shop.ch\/fr\/wp-json\/wp\/v2\/product_tag?post=26101"}],"curies":[{"name":"wp","href":"https:\/\/api.w.org\/{rel}","templated":true}]}}