{"id":26034,"date":"2025-04-04T22:36:03","date_gmt":"2025-04-04T20:36:03","guid":{"rendered":"https:\/\/shaman-shop.ch\/produkt\/palo-sangre-tepi-avec-plumes-et-perles\/"},"modified":"2025-08-17T15:51:42","modified_gmt":"2025-08-17T13:51:42","slug":"palo-sangre-tepi-avec-plumes-et-perles","status":"publish","type":"product","link":"https:\/\/shaman-shop.ch\/fr\/produkt\/palo-sangre-tepi-avec-plumes-et-perles\/","title":{"rendered":"Palo Sangre Tepi avec plumes et perles"},"content":{"rendered":"<h3 class=\"\" data-start=\"186\" data-end=\"265\"><strong data-start=\"193\" data-end=\"265\">Palo Sangre Tepi avec plumes et perles<\/strong><\/h3>\n<p class=\"\" data-start=\"267\" data-end=\"586\">Ce <strong data-start=\"288\" data-end=\"296\">tepi<\/strong> traditionnel en <strong data-start=\"301\" data-end=\"321\">bois de palo sangre<\/strong> est utilis\u00e9 pour <strong data-start=\"331\" data-end=\"355\">appliquer le rap\u00e9<\/strong> dans les rituels chamaniques. La longue tige est orn\u00e9e d\u2019un <strong data-start=\"437\" data-end=\"485\">motif perl\u00e9 audacieux en rouge, blanc, noir et vert<\/strong> &#8211; des couleurs qui repr\u00e9sentent l\u2019ancrage, la protection et la connexion \u00e0 la nature dans le symbolisme indig\u00e8ne. <\/p>\n<p class=\"\" data-start=\"588\" data-end=\"815\">Le Tepi est d\u00e9cor\u00e9 de <strong data-start=\"625\" data-end=\"647\">plumes naturelles<\/strong> sur le connecteur, qui soulignent le caract\u00e8re spirituel et apportent une l\u00e9g\u00e8ret\u00e9 \u00e9nergique. Le fin enroulement en raphia assure stabilit\u00e9 et un aspect organique. <\/p>\n<h4 class=\"\" data-start=\"817\" data-end=\"836\">Propri\u00e9t\u00e9s:<\/h4>\n<ul data-start=\"837\" data-end=\"1179\">\n<li class=\"\" data-start=\"837\" data-end=\"884\">\n<p class=\"\" data-start=\"839\" data-end=\"884\"><strong data-start=\"839\" data-end=\"846\">Type<\/strong>&nbsp;: Tepi \u2013 applicateur Rap\u00e9 classique<\/p>\n<\/li>\n<li class=\"\" data-start=\"885\" data-end=\"944\">\n<p class=\"\" data-start=\"887\" data-end=\"944\"><strong data-start=\"887\" data-end=\"902\">Mat\u00e9riaux<\/strong> : Palo Sangre, perles, raphia, plumes naturelles<\/p>\n<\/li>\n<li class=\"\" data-start=\"945\" data-end=\"999\">\n<p class=\"\" data-start=\"947\" data-end=\"999\"><strong data-start=\"947\" data-end=\"961\">Couleur&nbsp;:<\/strong> Rouge, Blanc, Vert, Noir (Perles)<\/p>\n<\/li>\n<li class=\"\" data-start=\"1000\" data-end=\"1056\">\n<p class=\"\" data-start=\"1002\" data-end=\"1056\"><strong data-start=\"1002\" data-end=\"1014\">Symbolisme<\/strong> : ancrage, protection, connexion spirituelle<\/p>\n<\/li>\n<li class=\"\" data-start=\"1057\" data-end=\"1095\">\n<p class=\"\" data-start=\"1059\" data-end=\"1095\"><strong data-start=\"1059\" data-end=\"1071\">Origine<\/strong> : P\u00e9rou, Amazonie<\/p>\n<\/li>\n<li class=\"\" data-start=\"1096\" data-end=\"1179\">\n<p class=\"\" data-start=\"1098\" data-end=\"1179\"><strong data-start=\"1098\" data-end=\"1111\">Application<\/strong> : Pour l\u2019administration traditionnelle de rap\u00e9 d\u2019une personne \u00e0 une autre<\/p>\n<\/li>\n<\/ul>\n","protected":false},"excerpt":{"rendered":"<ul>\n<li class=\"\" data-start=\"1232\" data-end=\"1277\">\n<p class=\"\" data-start=\"1234\" data-end=\"1277\"><strong>Tepi<\/strong> de Palo Sangre pour l\u2019application du rap\u00e9<\/p>\n<\/li>\n<li class=\"\" data-start=\"1278\" data-end=\"1321\">\n<p class=\"\" data-start=\"1280\" data-end=\"1321\">Avec <strong>des plumes naturelles et un<\/strong> motif protecteur color\u00e9<\/p>\n<\/li>\n<li class=\"\" data-start=\"1322\" data-end=\"1362\">\n<p class=\"\" data-start=\"1324\" data-end=\"1362\">Perles en rouge, blanc, noir et vert<\/p>\n<\/li>\n<li class=\"\" data-start=\"1363\" data-end=\"1411\">\n<p class=\"\" data-start=\"1365\" data-end=\"1411\">Id\u00e9al pour les rituels chamaniques et le travail \u00e9nerg\u00e9tique<\/p>\n<\/li>\n<\/ul>\n","protected":false},"featured_media":25818,"comment_status":"open","ping_status":"closed","template":"","meta":[],"product_brand":[],"product_cat":[539,543,1312,546],"product_tag":[830,910],"class_list":{"0":"post-26034","1":"product","2":"type-product","3":"status-publish","4":"has-post-thumbnail","6":"product_cat-tous-les-produits","7":"product_cat-002-kuripe-tepi-fr","8":"product_cat-rapee-sananga-fr","9":"product_cat-tepi-fr","10":"product_tag-applicateur-rape","11":"product_tag-tepi-fr","12":"product_shipping_class-postpac-priority","13":"pa_herkunft-perou-fr","14":"pa_holzart-palo-sangre-fr","16":"first","17":"outofstock","18":"shipping-taxable","19":"purchasable","20":"product-type-simple"},"lager_box_nr":"","_links":{"self":[{"href":"https:\/\/shaman-shop.ch\/fr\/wp-json\/wp\/v2\/product\/26034","targetHints":{"allow":["GET"]}}],"collection":[{"href":"https:\/\/shaman-shop.ch\/fr\/wp-json\/wp\/v2\/product"}],"about":[{"href":"https:\/\/shaman-shop.ch\/fr\/wp-json\/wp\/v2\/types\/product"}],"replies":[{"embeddable":true,"href":"https:\/\/shaman-shop.ch\/fr\/wp-json\/wp\/v2\/comments?post=26034"}],"version-history":[{"count":0,"href":"https:\/\/shaman-shop.ch\/fr\/wp-json\/wp\/v2\/product\/26034\/revisions"}],"wp:featuredmedia":[{"embeddable":true,"href":"https:\/\/shaman-shop.ch\/fr\/wp-json\/wp\/v2\/media\/25818"}],"wp:attachment":[{"href":"https:\/\/shaman-shop.ch\/fr\/wp-json\/wp\/v2\/media?parent=26034"}],"wp:term":[{"taxonomy":"product_brand","embeddable":true,"href":"https:\/\/shaman-shop.ch\/fr\/wp-json\/wp\/v2\/product_brand?post=26034"},{"taxonomy":"product_cat","embeddable":true,"href":"https:\/\/shaman-shop.ch\/fr\/wp-json\/wp\/v2\/product_cat?post=26034"},{"taxonomy":"product_tag","embeddable":true,"href":"https:\/\/shaman-shop.ch\/fr\/wp-json\/wp\/v2\/product_tag?post=26034"}],"curies":[{"name":"wp","href":"https:\/\/api.w.org\/{rel}","templated":true}]}}