{"id":24456,"date":"2025-02-05T20:59:40","date_gmt":"2025-02-05T19:59:40","guid":{"rendered":"https:\/\/shaman-shop.ch\/produkt\/kuripe-du-perou-fabrique-en-os-avec-symbole-damethyste-et-daya\/"},"modified":"2025-08-17T15:51:17","modified_gmt":"2025-08-17T13:51:17","slug":"kuripe-du-perou-fabrique-en-os-avec-symbole-damethyste-et-daya","status":"publish","type":"product","link":"https:\/\/shaman-shop.ch\/fr\/produkt\/kuripe-du-perou-fabrique-en-os-avec-symbole-damethyste-et-daya\/","title":{"rendered":"Kuripe du P\u00e9rou &#8211; Fabriqu\u00e9 en os avec symbole d\u2019am\u00e9thyste et d\u2019aya"},"content":{"rendered":"<h2>Kuripe du P\u00e9rou &#8211; Fabriqu\u00e9 \u00e0 la main \u00e0 partir d\u2019os avec symbole d\u2019am\u00e9thyste et d\u2019ayahuasca<\/h2>\n<p>Ce kuripe fabriqu\u00e9 \u00e0 la main au P\u00e9rou est fait d\u2019os et est d\u00e9cor\u00e9 d\u2019un symbole d\u2019ayahuasca et d\u2019une pierre d\u2019am\u00e9thyste. Le tube \u00e0 priser traditionnel est utilis\u00e9 pour les c\u00e9r\u00e9monies de l\u2019encens et du rap\u00e9 et permet une auto-application pr\u00e9cise. <\/p>\n<h4><strong>Caract\u00e9ristiques sp\u00e9ciales :<\/strong><\/h4>\n<ul>\n<li><strong>Mat\u00e9riel:<\/strong> Os poli de haute qualit\u00e9<\/li>\n<li><strong>Ornement:<\/strong> Symbole de l\u2019Ayahuasca avec incrustations de pierre naturelle<\/li>\n<li><strong>Gemme:<\/strong> L\u2019am\u00e9thyste pour la clart\u00e9 spirituelle et la protection<\/li>\n<li><strong>Origine:<\/strong> Fabriqu\u00e9 \u00e0 la main au P\u00e9rou<\/li>\n<li><strong>Utiliser:<\/strong> Id\u00e9al pour les c\u00e9r\u00e9monies de rap\u00e9 et les rituels chamaniques<\/li>\n<\/ul>\n<p>Ce noble kuripe n\u2019est pas seulement un outil rituel, mais aussi une \u0153uvre d\u2019art spirituelle. L\u2019am\u00e9thyste renforce l\u2019effet \u00e9nerg\u00e9tique et soutient la m\u00e9ditation et les voyages int\u00e9rieurs. <\/p>\n","protected":false},"excerpt":{"rendered":"<ul>\n<li>Fabriqu\u00e9 \u00e0 la main au P\u00e9rou : Exquis kuripe en os poli, astucieusement d\u00e9cor\u00e9 d\u2019un symbole mystique de l\u2019ayahuasca.<\/li>\n<li>Am\u00e9lioration \u00e9nerg\u00e9tique&nbsp;: L\u2019am\u00e9thyste procure une m\u00e9ditation plus profonde, une clart\u00e9 spirituelle et un \u00e9quilibre harmonieux.<\/li>\n<li>Parfait pour les rituels : Id\u00e9al pour les c\u00e9r\u00e9monies de rap\u00e9 et les pratiques chamaniques \u2013 puissant, pr\u00e9cis et authentique.<\/li>\n<\/ul>\n","protected":false},"featured_media":24450,"comment_status":"closed","ping_status":"closed","template":"","meta":[],"product_brand":[],"product_cat":[539,544,543,1312],"product_tag":[727,726],"class_list":{"0":"post-24456","1":"product","2":"type-product","3":"status-publish","4":"has-post-thumbnail","6":"product_cat-tous-les-produits","7":"product_cat-kuripe-fr","8":"product_cat-002-kuripe-tepi-fr","9":"product_cat-rapee-sananga-fr","10":"product_tag-auto-applicateur-de-rape","11":"product_tag-kuripe-fr","12":"product_shipping_class-a-post","13":"pa_herkunft-perou-fr","15":"first","16":"outofstock","17":"shipping-taxable","18":"purchasable","19":"product-type-simple"},"lager_box_nr":"","_links":{"self":[{"href":"https:\/\/shaman-shop.ch\/fr\/wp-json\/wp\/v2\/product\/24456","targetHints":{"allow":["GET"]}}],"collection":[{"href":"https:\/\/shaman-shop.ch\/fr\/wp-json\/wp\/v2\/product"}],"about":[{"href":"https:\/\/shaman-shop.ch\/fr\/wp-json\/wp\/v2\/types\/product"}],"replies":[{"embeddable":true,"href":"https:\/\/shaman-shop.ch\/fr\/wp-json\/wp\/v2\/comments?post=24456"}],"version-history":[{"count":0,"href":"https:\/\/shaman-shop.ch\/fr\/wp-json\/wp\/v2\/product\/24456\/revisions"}],"wp:featuredmedia":[{"embeddable":true,"href":"https:\/\/shaman-shop.ch\/fr\/wp-json\/wp\/v2\/media\/24450"}],"wp:attachment":[{"href":"https:\/\/shaman-shop.ch\/fr\/wp-json\/wp\/v2\/media?parent=24456"}],"wp:term":[{"taxonomy":"product_brand","embeddable":true,"href":"https:\/\/shaman-shop.ch\/fr\/wp-json\/wp\/v2\/product_brand?post=24456"},{"taxonomy":"product_cat","embeddable":true,"href":"https:\/\/shaman-shop.ch\/fr\/wp-json\/wp\/v2\/product_cat?post=24456"},{"taxonomy":"product_tag","embeddable":true,"href":"https:\/\/shaman-shop.ch\/fr\/wp-json\/wp\/v2\/product_tag?post=24456"}],"curies":[{"name":"wp","href":"https:\/\/api.w.org\/{rel}","templated":true}]}}