{"id":23527,"date":"2025-01-21T20:17:50","date_gmt":"2025-01-21T19:17:50","guid":{"rendered":"https:\/\/shaman-shop.ch\/produkt\/batonnets-dencens-sauge-blanche-gypsy-nomadic-moon\/"},"modified":"2026-05-08T17:18:43","modified_gmt":"2026-05-08T15:18:43","slug":"batonnets-dencens-sauge-blanche-gypsy-nomadic-moon","status":"publish","type":"product","link":"https:\/\/shaman-shop.ch\/fr\/produkt\/batonnets-dencens-sauge-blanche-gypsy-nomadic-moon\/","title":{"rendered":"B\u00e2tonnets d\u2019encens \u2013 MOON \u00e0 la sauge blanche"},"content":{"rendered":"<p>Les B\u00e2tonnets d\u2019Encens Nomade Gitane \u2013 Lune combinent le pouvoir nettoyant de la sauge blanche avec la magie des traditions nomades. Ces b\u00e2tonnets d\u2019encens faits \u00e0 la main en provenance d\u2019Inde sont fabriqu\u00e9s avec de la sauge blanche, des herbes d\u2019origine \u00e9thique, des r\u00e9sines, de la poudre de Joss et des b\u00e2tonnets de bambou. Compl\u00e9t\u00e9s par de l\u2019\u00e9corce rouge 100% naturelle de l\u2019arbre litsea glutinosa et des huiles essentielles, ils d\u00e9ploient un parfum authentique qui nettoie les espaces, calme les sens et favorise l\u2019\u00e9nergie positive.  <\/p>\n<ul>\n<li><strong>Propri\u00e9t\u00e9s purifiantes : La<\/strong> sauge blanche est traditionnellement utilis\u00e9e pour nettoyer et dissiper les \u00e9nergies n\u00e9gatives.<\/li>\n<li><strong>Durable et respectueux de l\u2019environnement<\/strong> : Fait \u00e0 la main, 100% naturel, sans cruaut\u00e9 et fabriqu\u00e9 de mani\u00e8re \u00e9thique.<\/li>\n<li><strong>Emballage pratique<\/strong> : Chaque paquet contient 6 b\u00e2tonnets d\u2019encens.<\/li>\n<\/ul>\n<p>Parfait pour remplir votre espace avec l\u2019\u00e9nergie nettoyante de la sauge blanche. Id\u00e9al pour vous ou comme cadeau ! <\/p>\n","protected":false},"excerpt":{"rendered":"<ul>\n<li>B\u00e2tonnets d\u2019encens faits \u00e0 la main avec de la sauge blanche pour le nettoyage et l\u2019\u00e9nergie positive.<\/li>\n<li>Durable, 100% naturel et sans cruaut\u00e9.<\/li>\n<li>Chaque paquet contient 6 b\u00e2tonnets &#8211; id\u00e9aux pour vous ou comme cadeau.<\/li>\n<\/ul>\n","protected":false},"featured_media":23410,"comment_status":"closed","ping_status":"closed","template":"","meta":[],"product_brand":[],"product_cat":[539,1158,631],"product_tag":[1122,1144,1210],"class_list":{"0":"post-23527","1":"product","2":"type-product","3":"status-publish","4":"has-post-thumbnail","6":"product_cat-tous-les-produits","7":"product_cat-baton-joss","8":"product_cat-encens","9":"product_tag-baton-joss","10":"product_tag-batonnets-dencens-palo-santo","11":"product_tag-retour-en-stock","12":"product_shipping_class-postpac-priority","13":"pa_brand-banjara-gypsy-nomadic-incense","14":"pa_herkunft-inde","16":"first","17":"instock","18":"taxable","19":"shipping-taxable","20":"purchasable","21":"product-type-simple"},"lager_box_nr":"","_links":{"self":[{"href":"https:\/\/shaman-shop.ch\/fr\/wp-json\/wp\/v2\/product\/23527","targetHints":{"allow":["GET"]}}],"collection":[{"href":"https:\/\/shaman-shop.ch\/fr\/wp-json\/wp\/v2\/product"}],"about":[{"href":"https:\/\/shaman-shop.ch\/fr\/wp-json\/wp\/v2\/types\/product"}],"replies":[{"embeddable":true,"href":"https:\/\/shaman-shop.ch\/fr\/wp-json\/wp\/v2\/comments?post=23527"}],"version-history":[{"count":0,"href":"https:\/\/shaman-shop.ch\/fr\/wp-json\/wp\/v2\/product\/23527\/revisions"}],"wp:featuredmedia":[{"embeddable":true,"href":"https:\/\/shaman-shop.ch\/fr\/wp-json\/wp\/v2\/media\/23410"}],"wp:attachment":[{"href":"https:\/\/shaman-shop.ch\/fr\/wp-json\/wp\/v2\/media?parent=23527"}],"wp:term":[{"taxonomy":"product_brand","embeddable":true,"href":"https:\/\/shaman-shop.ch\/fr\/wp-json\/wp\/v2\/product_brand?post=23527"},{"taxonomy":"product_cat","embeddable":true,"href":"https:\/\/shaman-shop.ch\/fr\/wp-json\/wp\/v2\/product_cat?post=23527"},{"taxonomy":"product_tag","embeddable":true,"href":"https:\/\/shaman-shop.ch\/fr\/wp-json\/wp\/v2\/product_tag?post=23527"}],"curies":[{"name":"wp","href":"https:\/\/api.w.org\/{rel}","templated":true}]}}