{"id":22815,"date":"2022-12-14T15:03:06","date_gmt":"2022-12-14T14:03:06","guid":{"rendered":"https:\/\/shaman-shop.ch\/produkt\/cologne-deau-de-floride\/"},"modified":"2025-08-17T15:52:12","modified_gmt":"2025-08-17T13:52:12","slug":"cologne-deau-de-floride","status":"publish","type":"product","link":"https:\/\/shaman-shop.ch\/fr\/produkt\/cologne-deau-de-floride\/","title":{"rendered":"Cologne d\u2019eau de Floride"},"content":{"rendered":"<h3 data-start=\"68\" data-end=\"135\"><strong data-start=\"72\" data-end=\"133\">Florida Water Cologne \u2013 revigorant, rafra\u00eechissant, polyvalent<\/strong><\/h3>\n<p data-start=\"137\" data-end=\"418\">Depuis 1808, Florida Water ravit le public avec son parfum unique et ses applications polyvalentes. Le m\u00e9lange de notes d\u2019agrumes, d\u2019accents floraux et de nuances \u00e9pic\u00e9es en fait un compagnon rafra\u00eechissant et apaisant pour le corps, l\u2019esprit et l\u2019\u00e2me. <\/p>\n<h4 data-start=\"420\" data-end=\"454\"><strong data-start=\"425\" data-end=\"452\">Un parfum charg\u00e9 d\u2019histoire<\/strong><\/h4>\n<p data-start=\"455\" data-end=\"774\">L\u2019eau de Floride, \u00e9galement connue sous le nom de \u00ab&nbsp;Blue&nbsp;\u00bb Agua de Florida, a \u00e9t\u00e9 d\u00e9velopp\u00e9e au 19\u00e8me si\u00e8cle comme une r\u00e9ponse am\u00e9ricaine \u00e0 l\u2019eau de Cologne classique. Le nom fait allusion \u00e0 la l\u00e9gendaire \u00ab&nbsp;source de jouvence&nbsp;\u00bb que l\u2019on croyait \u00eatre en Floride, ainsi qu\u2019aux notes florales du parfum. Aujourd\u2019hui, il est connu dans le monde entier pour ses effets nettoyants et rafra\u00eechissants.  <\/p>\n<h4 data-start=\"776\" data-end=\"822\"><strong data-start=\"781\" data-end=\"820\">Applications polyvalentes<\/strong><\/h4>\n<ul data-start=\"824\" data-end=\"1489\">\n<li data-start=\"824\" data-end=\"1009\">\n<p data-start=\"826\" data-end=\"1009\"><strong data-start=\"826\" data-end=\"854\">Rafra\u00eechissement pour la peau<\/strong> \u2013 Id\u00e9al comme apr\u00e8s-rasage ou comme eau de Cologne l\u00e9g\u00e8re pour la vie quotidienne. Les propri\u00e9t\u00e9s astringentes aident \u00e0 apaiser la peau apr\u00e8s le rasage. <\/p>\n<\/li>\n<li data-start=\"1011\" data-end=\"1148\">\n<p data-start=\"1013\" data-end=\"1148\"><strong data-start=\"1013\" data-end=\"1046\">Apaisant pour l\u2019esprit et l\u2019\u00e2me<\/strong> &#8211; Le parfum revigorant peut aider \u00e0 \u00e9claircir les sens et \u00e0 cr\u00e9er une atmosph\u00e8re relaxante.<\/p>\n<\/li>\n<li data-start=\"1150\" data-end=\"1347\">\n<p data-start=\"1152\" data-end=\"1347\"><strong data-start=\"1152\" data-end=\"1178\">Nettoyage \u00e9nerg\u00e9tique \u2013 L\u2019eau<\/strong> de Floride est utilis\u00e9e dans diverses traditions spirituelles pour nettoyer les pi\u00e8ces, les objets ou l\u2019aura d\u2019une personne et pour promouvoir une nouvelle \u00e9nergie positive.<\/p>\n<\/li>\n<li data-start=\"1349\" data-end=\"1489\">\n<p data-start=\"1351\" data-end=\"1489\"><strong data-start=\"1351\" data-end=\"1382\">Solution parfum\u00e9e aromatique d\u2019ambiance<\/strong> \u2013 \u00c9talez quelques vaporisations dans une lampe aromatique ou sur des textiles et profitez du parfum rafra\u00eechissant.<\/p>\n<\/li>\n<\/ul>\n<h4 data-start=\"1491\" data-end=\"1528\"><strong data-start=\"1496\" data-end=\"1526\">Diff\u00e9rentes variantes<\/strong><\/h4>\n<p data-start=\"1529\" data-end=\"1732\">Il existe diff\u00e9rentes formules de Florida Water &#8211; les versions am\u00e9ricaine et p\u00e9ruvienne diff\u00e8rent dans leurs ingr\u00e9dients, mais les deux ont le parfum caract\u00e9ristique d\u2019agrumes et d\u2019\u00e9pices.<\/p>\n<h4 data-start=\"1734\" data-end=\"1782\"><strong data-start=\"1739\" data-end=\"1780\">Florida Water \u2013 Plus qu\u2019un simple parfum<\/strong><\/h4>\n<p data-start=\"1783\" data-end=\"1925\">Qu\u2019il s\u2019agisse d\u2019un parfum pour le corps, pour la maison ou pour des rituels spirituels, cette eau de Cologne traditionnelle est un compagnon polyvalent dans la vie quotidienne.<\/p>\n<p data-start=\"1927\" data-end=\"2002\"><strong data-start=\"1927\" data-end=\"2000\">D\u00e9couvrez maintenant et faites l\u2019exp\u00e9rience du pouvoir rafra\u00eechissant de l\u2019eau de Floride !<\/strong><\/p>\n","protected":false},"excerpt":{"rendered":"<ul>\n<li>\u00ab&nbsp;Bleu&nbsp;\u00bb Agua de Florida<\/li>\n<li data-start=\"0\" data-end=\"89\">Tradition depuis 1808 \u2013 Une eau de Cologne rafra\u00eechissante aux notes d\u2019agrumes, florales et d\u2019\u00e9pices.<\/li>\n<li data-start=\"90\" data-end=\"184\">Polyvalent &#8211; Comme parfum pour le corps, apr\u00e8s-rasage, parfum d\u2019ambiance ou pour les rituels spirituels.<\/li>\n<li data-start=\"185\" data-end=\"280\">Revigorant et Purifiant \u2013 Favorise le bien-\u00eatre, \u00e9claircit les sens et apporte une \u00e9nergie positive.<\/li>\n<\/ul>\n","protected":false},"featured_media":21224,"comment_status":"open","ping_status":"closed","template":"","meta":[],"product_brand":[],"product_cat":[541,1924,641,539],"product_tag":[1485,1062,1932],"class_list":{"0":"post-22815","1":"product","2":"type-product","3":"status-publish","4":"has-post-thumbnail","6":"product_cat-003-agua-de-florida-fr","7":"product_cat-black-friday","8":"product_cat-parfums-sprays","9":"product_cat-tous-les-produits","10":"product_tag-eau-de-floride","11":"product_tag-eau-parfumee","12":"product_tag-noir","13":"product_shipping_class-postpac-priority","14":"pa_brand-murray-lamman","15":"pa_herkunft-usa-fr","17":"first","18":"outofstock","19":"shipping-taxable","20":"purchasable","21":"product-type-variable","22":"has-default-attributes"},"lager_box_nr":"","_links":{"self":[{"href":"https:\/\/shaman-shop.ch\/fr\/wp-json\/wp\/v2\/product\/22815","targetHints":{"allow":["GET"]}}],"collection":[{"href":"https:\/\/shaman-shop.ch\/fr\/wp-json\/wp\/v2\/product"}],"about":[{"href":"https:\/\/shaman-shop.ch\/fr\/wp-json\/wp\/v2\/types\/product"}],"replies":[{"embeddable":true,"href":"https:\/\/shaman-shop.ch\/fr\/wp-json\/wp\/v2\/comments?post=22815"}],"version-history":[{"count":0,"href":"https:\/\/shaman-shop.ch\/fr\/wp-json\/wp\/v2\/product\/22815\/revisions"}],"wp:featuredmedia":[{"embeddable":true,"href":"https:\/\/shaman-shop.ch\/fr\/wp-json\/wp\/v2\/media\/21224"}],"wp:attachment":[{"href":"https:\/\/shaman-shop.ch\/fr\/wp-json\/wp\/v2\/media?parent=22815"}],"wp:term":[{"taxonomy":"product_brand","embeddable":true,"href":"https:\/\/shaman-shop.ch\/fr\/wp-json\/wp\/v2\/product_brand?post=22815"},{"taxonomy":"product_cat","embeddable":true,"href":"https:\/\/shaman-shop.ch\/fr\/wp-json\/wp\/v2\/product_cat?post=22815"},{"taxonomy":"product_tag","embeddable":true,"href":"https:\/\/shaman-shop.ch\/fr\/wp-json\/wp\/v2\/product_tag?post=22815"}],"curies":[{"name":"wp","href":"https:\/\/api.w.org\/{rel}","templated":true}]}}