{"id":22814,"date":"2022-07-19T00:41:31","date_gmt":"2022-07-18T22:41:31","guid":{"rendered":"https:\/\/shaman-shop.ch\/produkt\/agua-floresta-ceremonie-agua-de-florida-palo-santo\/"},"modified":"2026-04-14T22:12:42","modified_gmt":"2026-04-14T20:12:42","slug":"agua-floresta-ceremonie-agua-de-florida-palo-santo","status":"publish","type":"product","link":"https:\/\/shaman-shop.ch\/fr\/produkt\/agua-floresta-ceremonie-agua-de-florida-palo-santo\/","title":{"rendered":"Agua Floresta &#8211; C\u00e9r\u00e9monie &#8211; Agua de Florida &amp; Palo Santo"},"content":{"rendered":"<p>Une combinaison d\u2019eau Aqua de Florida et d\u2019huile essentielle de Palo Santo. Utilis\u00e9 pour les offrandes rituelles, la purification et la clarification des espaces et des personnes. \u00c9galement utilis\u00e9 comme protection dans les sorts pour \u00e9liminer les formes-pens\u00e9es ind\u00e9sirables et les vibrations lourdes, pour encourager l\u2019affichage des \u00e9motions, pour supprimer ceux qui parlent trop et pour calmer les endroits o\u00f9 il y a un exc\u00e8s d\u2019\u00e9nergie. Ce m\u00e9lange s\u2019int\u00e8gre bien dans la pratique quotidienne et fonctionne dans n\u2019importe quel cadre rituel. Un spectre de fr\u00e9quences et de tonalit\u00e9s extr\u00eamement puissant. Au d\u00e9but, l\u2019ar\u00f4me ressemble \u00e0 une forme plus douce d\u2019Agua de Florida, qui est croquante et florale, bien que l\u2019huile de Palo Santo ajoute une note de fond douce, chaleureuse, masculine et bois\u00e9e. Fabriqu\u00e9 avec de l\u2019huile essentielle de bois de Palo Santo tomb\u00e9 naturellement du P\u00e9rou, dans une solution hydroalcoolique qui est ensuite m\u00e9lang\u00e9e \u00e0 de l\u2019eau d\u2019Agua de Florida.      <\/p>\n","protected":false},"excerpt":{"rendered":"<ul>\n<li><strong>Flacon avec pulv\u00e9risateur, 50 ml<\/strong> \u2013 pratique et facile \u00e0 utiliser.<\/li>\n<li><strong>Huile essentielle d\u2019Agua de Florida et de Palo Santo<\/strong> \u2013 combinaison de parfums unique.<\/li>\n<li><strong>Frais et floral avec une note chaude et bois\u00e9e<\/strong> &#8211; \u00e9quilibre harmonieux.<\/li>\n<li><strong>Id\u00e9al pour les rituels, le nettoyage et le bien-\u00eatre<\/strong> &#8211; polyvalent.<\/li>\n<\/ul>\n","protected":false},"featured_media":23177,"comment_status":"open","ping_status":"closed","template":"","meta":[],"product_brand":[],"product_cat":[1924,541,641,639,539],"product_tag":[694,1064,1932,660],"class_list":{"0":"post-22814","1":"product","2":"type-product","3":"status-publish","4":"has-post-thumbnail","6":"product_cat-black-friday","7":"product_cat-003-agua-de-florida-fr","8":"product_cat-parfums-sprays","9":"product_cat-spray","10":"product_cat-tous-les-produits","11":"product_tag-agua-de-florida-fr","12":"product_tag-agua-floretsa-fr","13":"product_tag-noir","14":"product_tag-palo-santo-fr","15":"product_shipping_class-postpac-priority","17":"first","18":"outofstock","19":"shipping-taxable","20":"purchasable","21":"product-type-simple"},"lager_box_nr":"","_links":{"self":[{"href":"https:\/\/shaman-shop.ch\/fr\/wp-json\/wp\/v2\/product\/22814","targetHints":{"allow":["GET"]}}],"collection":[{"href":"https:\/\/shaman-shop.ch\/fr\/wp-json\/wp\/v2\/product"}],"about":[{"href":"https:\/\/shaman-shop.ch\/fr\/wp-json\/wp\/v2\/types\/product"}],"replies":[{"embeddable":true,"href":"https:\/\/shaman-shop.ch\/fr\/wp-json\/wp\/v2\/comments?post=22814"}],"version-history":[{"count":0,"href":"https:\/\/shaman-shop.ch\/fr\/wp-json\/wp\/v2\/product\/22814\/revisions"}],"wp:featuredmedia":[{"embeddable":true,"href":"https:\/\/shaman-shop.ch\/fr\/wp-json\/wp\/v2\/media\/23177"}],"wp:attachment":[{"href":"https:\/\/shaman-shop.ch\/fr\/wp-json\/wp\/v2\/media?parent=22814"}],"wp:term":[{"taxonomy":"product_brand","embeddable":true,"href":"https:\/\/shaman-shop.ch\/fr\/wp-json\/wp\/v2\/product_brand?post=22814"},{"taxonomy":"product_cat","embeddable":true,"href":"https:\/\/shaman-shop.ch\/fr\/wp-json\/wp\/v2\/product_cat?post=22814"},{"taxonomy":"product_tag","embeddable":true,"href":"https:\/\/shaman-shop.ch\/fr\/wp-json\/wp\/v2\/product_tag?post=22814"}],"curies":[{"name":"wp","href":"https:\/\/api.w.org\/{rel}","templated":true}]}}