{"id":22178,"date":"2024-10-08T01:20:52","date_gmt":"2024-10-07T23:20:52","guid":{"rendered":"https:\/\/shaman-shop.ch\/produkt\/shipibo-manta-motif-bero-icha-kene-nappe-dautel-tenture-murale-jupe\/"},"modified":"2026-02-18T22:05:29","modified_gmt":"2026-02-18T21:05:29","slug":"shipibo-manta-motif-bero-icha-kene-nappe-dautel-tenture-murale-jupe","status":"publish","type":"product","link":"https:\/\/shaman-shop.ch\/fr\/produkt\/shipibo-manta-motif-bero-icha-kene-nappe-dautel-tenture-murale-jupe\/","title":{"rendered":"Shipibo Manta &#8211; Motif Bero Icha Ken\u00e9 &#8211; Nappe d\u2019autel, Tenture murale, Jupe"},"content":{"rendered":"<p>D\u00e9couvrez l\u2019art spirituel de la culture Shipibo avec cette magnifique raie manta, con\u00e7ue selon le motif traditionnel Bero Icha Ken\u00e9. Les mots <em>Bero Icha<\/em> signifient \u00ab beaucoup d\u2019yeux \u00bb dans la langue Shipibo. Ce design, caract\u00e9ris\u00e9 par une vari\u00e9t\u00e9 de formes g\u00e9om\u00e9triques color\u00e9es, symbolise les diff\u00e9rentes perspectives et angles que l\u2019on peut exp\u00e9rimenter lors d\u2019une c\u00e9r\u00e9monie d\u2019ayahuasca. Chaque \u00e9l\u00e9ment du mod\u00e8le repr\u00e9sente une sagesse et une humilit\u00e9 profondes en nous rappelant qu\u2019il existe de nombreuses fa\u00e7ons d\u2019interpr\u00e9ter les messages et les visions de la m\u00e9decine.   <\/p>\n<p><strong>Utilise:<\/strong><\/p>\n<ul>\n<li><strong>Nappe d\u2019autel :<\/strong> Parfait pour les rituels spirituels ou les c\u00e9r\u00e9monies pour d\u00e9corer votre espace sacr\u00e9.<\/li>\n<li><strong>Tentures:<\/strong> Donnez \u00e0 votre maison ou \u00e0 votre salle de m\u00e9ditation une atmosph\u00e8re particuli\u00e8re gr\u00e2ce \u00e0 ce design artistique.<\/li>\n<li><strong>Jupe ou tissu :<\/strong> Port\u00e9 traditionnellement ou utilis\u00e9 de mani\u00e8re cr\u00e9ative comme v\u00eatement.<\/li>\n<\/ul>\n","protected":false},"excerpt":{"rendered":"<ul>\n<li>Motif Shipibo traditionnel&nbsp;: Design artisanal Bero Icha Ken\u00e9 qui symbolise \u00ab&nbsp;plusieurs yeux&nbsp;\u00bb et transmet une profondeur spirituelle.<\/li>\n<li>Polyvalent : Peut \u00eatre port\u00e9 comme nappe d\u2019autel, tenture murale ou jupe &#8211; id\u00e9al pour les c\u00e9r\u00e9monies, la m\u00e9ditation ou la d\u00e9coration.<\/li>\n<li>Taille&nbsp;: cm x cm<\/li>\n<\/ul>\n","protected":false},"featured_media":20964,"comment_status":"open","ping_status":"closed","template":"","meta":[],"product_brand":[],"product_cat":[539,628],"product_tag":[845,988],"class_list":{"0":"post-22178","1":"product","2":"type-product","3":"status-publish","4":"has-post-thumbnail","6":"product_cat-tous-les-produits","7":"product_cat-mantas","8":"product_tag-nappe-dautel-shipibo","9":"product_tag-shipibo-manta-fr","10":"product_shipping_class-postpac-priority","11":"pa_herkunft-perou-fr","12":"pa_tribe-shipibo-fr","14":"first","15":"instock","16":"shipping-taxable","17":"purchasable","18":"product-type-simple"},"lager_box_nr":"","_links":{"self":[{"href":"https:\/\/shaman-shop.ch\/fr\/wp-json\/wp\/v2\/product\/22178","targetHints":{"allow":["GET"]}}],"collection":[{"href":"https:\/\/shaman-shop.ch\/fr\/wp-json\/wp\/v2\/product"}],"about":[{"href":"https:\/\/shaman-shop.ch\/fr\/wp-json\/wp\/v2\/types\/product"}],"replies":[{"embeddable":true,"href":"https:\/\/shaman-shop.ch\/fr\/wp-json\/wp\/v2\/comments?post=22178"}],"version-history":[{"count":0,"href":"https:\/\/shaman-shop.ch\/fr\/wp-json\/wp\/v2\/product\/22178\/revisions"}],"wp:featuredmedia":[{"embeddable":true,"href":"https:\/\/shaman-shop.ch\/fr\/wp-json\/wp\/v2\/media\/20964"}],"wp:attachment":[{"href":"https:\/\/shaman-shop.ch\/fr\/wp-json\/wp\/v2\/media?parent=22178"}],"wp:term":[{"taxonomy":"product_brand","embeddable":true,"href":"https:\/\/shaman-shop.ch\/fr\/wp-json\/wp\/v2\/product_brand?post=22178"},{"taxonomy":"product_cat","embeddable":true,"href":"https:\/\/shaman-shop.ch\/fr\/wp-json\/wp\/v2\/product_cat?post=22178"},{"taxonomy":"product_tag","embeddable":true,"href":"https:\/\/shaman-shop.ch\/fr\/wp-json\/wp\/v2\/product_tag?post=22178"}],"curies":[{"name":"wp","href":"https:\/\/api.w.org\/{rel}","templated":true}]}}