{"id":22108,"date":"2024-09-07T23:43:14","date_gmt":"2024-09-07T21:43:14","guid":{"rendered":"https:\/\/shaman-shop.ch\/produkt\/moule-a-encens-ormeau-arc-en-ciel-paua-haliotis-iris\/"},"modified":"2026-03-10T13:35:06","modified_gmt":"2026-03-10T12:35:06","slug":"moule-a-encens-ormeau-arc-en-ciel-paua-haliotis-iris","status":"publish","type":"product","link":"https:\/\/shaman-shop.ch\/fr\/produkt\/moule-a-encens-ormeau-arc-en-ciel-paua-haliotis-iris\/","title":{"rendered":"Coquillage d\u2019encens &#8211; Ormeau arc-en-ciel"},"content":{"rendered":"<p>La coquille d\u2019iris Haliotis, \u00e9galement connue sous le nom d\u2019ormeau arc-en-ciel, impressionne par ses couleurs vives, qui comprennent principalement des nuances de bleu et de vert. Cette variante de la nacre est appel\u00e9e paua par les Maoris, le peuple indig\u00e8ne de Nouvelle-Z\u00e9lande. <\/p>\n<p>La moule paua de Nouvelle-Z\u00e9lande se caract\u00e9rise par son spectre de couleurs intense et est id\u00e9ale pour br\u00fbler la sauge blanche en vrac et les taches. Le smudgen est une coutume traditionnelle dans laquelle des fagots d\u2019herbes ou de bois parfum\u00e9s tels que la sauge blanche ou le palo santo sont br\u00fbl\u00e9s dans la coquille. Ceci est souvent pratiqu\u00e9 dans le cadre d\u2019une c\u00e9r\u00e9monie rituelle ou pour le nettoyage \u00e9nerg\u00e9tique des espaces. Gr\u00e2ce aux trous naturels dans la moule, une alimentation en air optimale est assur\u00e9e pendant le fumage.   <\/p>\n<h3>Note sur la palourde d\u2019encens :<\/h3>\n<p>Comme il s\u2019agit d\u2019un produit naturel, les variations de taille, de couleur et de texture sont normales. Des irr\u00e9gularit\u00e9s sur les bords et la surface soulignent le caract\u00e8re naturel. Tous les d\u00e9p\u00f4ts d\u2019algues peuvent \u00eatre facilement \u00e9limin\u00e9s sous l\u2019eau courante.  <\/p>\n<p>Origine&nbsp;: Nouvelle-Z\u00e9lande<br \/>\nR\u00e9colt\u00e9 de mani\u00e8re durable<\/p>\n","protected":false},"excerpt":{"rendered":"<ul>\n<li>Coquille d\u2019iris Haliotis, \u00e9galement connue sous le nom d\u2019ormeau arc-en-ciel, avec des bleus et des verts intenses<\/li>\n<li>Id\u00e9al pour br\u00fbler de la sauge blanche et des taches pour les rituels d\u2019encens<\/li>\n<li>Des trous naturels dans la coque assurent une alimentation en air optimale pendant le fumage<\/li>\n<li>Origine : Nouvelle-Z\u00e9lande, r\u00e9colt\u00e9 de mani\u00e8re durable<\/li>\n<li>Produit naturel : Les \u00e9carts de taille, de couleur et de texture sont normaux<\/li>\n<\/ul>\n","protected":false},"featured_media":20868,"comment_status":"open","ping_status":"closed","template":"","meta":[],"product_brand":[],"product_cat":[539,1244,631],"product_tag":[],"class_list":{"0":"post-22108","1":"product","2":"type-product","3":"status-publish","4":"has-post-thumbnail","6":"product_cat-tous-les-produits","7":"product_cat-accessoires-pour-encens","8":"product_cat-encens","9":"product_shipping_class-postpac-priority","10":"pa_herkunft-nouvelle-zelande","12":"first","13":"instock","14":"taxable","15":"shipping-taxable","16":"purchasable","17":"product-type-simple"},"lager_box_nr":"","_links":{"self":[{"href":"https:\/\/shaman-shop.ch\/fr\/wp-json\/wp\/v2\/product\/22108","targetHints":{"allow":["GET"]}}],"collection":[{"href":"https:\/\/shaman-shop.ch\/fr\/wp-json\/wp\/v2\/product"}],"about":[{"href":"https:\/\/shaman-shop.ch\/fr\/wp-json\/wp\/v2\/types\/product"}],"replies":[{"embeddable":true,"href":"https:\/\/shaman-shop.ch\/fr\/wp-json\/wp\/v2\/comments?post=22108"}],"version-history":[{"count":0,"href":"https:\/\/shaman-shop.ch\/fr\/wp-json\/wp\/v2\/product\/22108\/revisions"}],"wp:featuredmedia":[{"embeddable":true,"href":"https:\/\/shaman-shop.ch\/fr\/wp-json\/wp\/v2\/media\/20868"}],"wp:attachment":[{"href":"https:\/\/shaman-shop.ch\/fr\/wp-json\/wp\/v2\/media?parent=22108"}],"wp:term":[{"taxonomy":"product_brand","embeddable":true,"href":"https:\/\/shaman-shop.ch\/fr\/wp-json\/wp\/v2\/product_brand?post=22108"},{"taxonomy":"product_cat","embeddable":true,"href":"https:\/\/shaman-shop.ch\/fr\/wp-json\/wp\/v2\/product_cat?post=22108"},{"taxonomy":"product_tag","embeddable":true,"href":"https:\/\/shaman-shop.ch\/fr\/wp-json\/wp\/v2\/product_tag?post=22108"}],"curies":[{"name":"wp","href":"https:\/\/api.w.org\/{rel}","templated":true}]}}