{"id":21989,"date":"2024-08-05T01:16:53","date_gmt":"2024-08-04T23:16:53","guid":{"rendered":"https:\/\/shaman-shop.ch\/produkt\/huni-kuin-canela-de-velho-rape\/"},"modified":"2026-03-27T08:33:27","modified_gmt":"2026-03-27T07:33:27","slug":"huni-kuin-canela-de-velho-rape","status":"publish","type":"product","link":"https:\/\/shaman-shop.ch\/fr\/produkt\/huni-kuin-canela-de-velho-rape\/","title":{"rendered":"Huni Kuin &#8211; Canela de Velho Rap\u00e9"},"content":{"rendered":"<div class=\"product-description\">\n<h2>Huni Kuin Rap\u00e9 &#8211; Canela de Velho<\/h2>\n<p><strong>Un m\u00e9lange traditionnel des Huni Kuin d&rsquo;Amazonie<\/strong><\/p>\n<h3>Origine et production<\/h3>\n<p>Ce rap\u00e9 provient des Huni Kuin du territoire indig\u00e8ne d&rsquo;Igarap\u00e9 do Caucho dans l&rsquo;\u00c9tat d&rsquo;Acre au Br\u00e9sil.<br \/>\nLa communaut\u00e9 vit au plus profond de la for\u00eat tropicale, pr\u00e8s du fleuve Tarauac\u00e1, et n&rsquo;est accessible que par bateau.<br \/>\nOn y cultive les traditions ancestrales de la m\u00e9decine par les plantes et on y pr\u00e9pare des m\u00e9langes de rap\u00e9 selon des recettes anciennes.<\/p>\n<h3>Canela de Velho &#8211; La plante<\/h3>\n<p>Canela de Velho<em>(Miconia albicans<\/em>) signifie litt\u00e9ralement \u00ab\u00a0tibia du vieil homme\u00a0\u00bb et fait r\u00e9f\u00e9rence \u00e0 la structure noueuse de l&rsquo;\u00e9corce.<br \/>\nDans les for\u00eats du Br\u00e9sil, la plante \u00e9tait traditionnellement utilis\u00e9e dans les th\u00e9s et les infusions, ainsi que dans des contextes c\u00e9r\u00e9moniels.<br \/>\nPour le rap\u00e9, la canela de velho est transform\u00e9e en cendres qui sont ajout\u00e9es au tabac.<br \/>\nCette combinaison est appr\u00e9ci\u00e9e par les communaut\u00e9s indig\u00e8nes depuis des g\u00e9n\u00e9rations pour son importance c\u00e9r\u00e9monielle.<\/p>\n<h3>Ingr\u00e9dients<\/h3>\n<ul>\n<li><strong>Cendres de Canela de Velho<\/strong> &#8211; traditionnellement utilis\u00e9es par les communaut\u00e9s foresti\u00e8res et incorpor\u00e9es dans le rap\u00e9.<\/li>\n<li><strong>Sabi\u00e1-Mapacho (Nicotiana rustica)<\/strong> &#8211; ferment\u00e9 sous forme de brin traditionnel et utilis\u00e9 dans de nombreux rituels par les Huni Kuin.<\/li>\n<\/ul>\n<h3>Les Huni Kuin<\/h3>\n<p>Les Huni Kuin, \u00e9galement appel\u00e9s Kaxinaw\u00e1, sont le plus grand groupe indig\u00e8ne de l&rsquo;\u00c9tat d&rsquo;Acre.<br \/>\nLeur nom signifie \u00ab\u00a0vraies personnes\u00a0\u00bb et ils appartiennent \u00e0 la famille linguistique Pano.<br \/>\nLeur culture se caract\u00e9rise par des rituels, des chants et des danses qui entretiennent un lien \u00e9troit avec la nature et l&rsquo;esprit.<br \/>\nRap\u00e9 a toujours occup\u00e9 une place importante dans sa pratique spirituelle.<\/p>\n<h3>Utilisation traditionnelle<\/h3>\n<ul>\n<li>Le rap\u00e9 aux cendres de Canela de Velho est pr\u00e9par\u00e9 depuis des g\u00e9n\u00e9rations dans le cadre de rituels Huni Kuin.<\/li>\n<li>La plante \u00e9tait traditionnellement utilis\u00e9e dans les th\u00e9s et les infusions.<\/li>\n<li>Le tabac sabi\u00e1 est consid\u00e9r\u00e9 comme un ingr\u00e9dient particuli\u00e8rement puissant dans les c\u00e9r\u00e9monies.<\/li>\n<li>Le m\u00e9lange sert dans le cadre de pri\u00e8res, de chants et de pratiques spirituelles dans la for\u00eat tropicale.<\/li>\n<\/ul>\n<\/div>\n","protected":false},"excerpt":{"rendered":"<ul>\n<li>Rap\u00e9 traditionnel des Huni Kuin d&rsquo;Acre, Br\u00e9sil<\/li>\n<li>Avec du tabac de Sabi\u00e1 et de la cendre de Canela de Velho<\/li>\n<li>Utilis\u00e9 depuis des g\u00e9n\u00e9rations dans les rituels et les c\u00e9r\u00e9monies<\/li>\n<li>Fabriqu\u00e9 \u00e0 la main dans les communaut\u00e9s indig\u00e8nes d&rsquo;Amazonie<\/li>\n<\/ul>\n","protected":false},"featured_media":30541,"comment_status":"open","ping_status":"closed","template":"","meta":[],"product_brand":[],"product_cat":[549,1312,539],"product_tag":[943],"class_list":{"0":"post-21989","1":"product","2":"type-product","3":"status-publish","4":"has-post-thumbnail","6":"product_cat-001-rape-fr","7":"product_cat-rapee-sananga-fr","8":"product_cat-tous-les-produits","9":"product_tag-canela-de-velho-fr","10":"product_shipping_class-a-post","11":"pa_herkunft-bresil","12":"pa_tribe-huni-kuin-fr","14":"first","15":"instock","16":"taxable","17":"shipping-taxable","18":"purchasable","19":"product-type-variable","20":"has-default-attributes"},"lager_box_nr":"","_links":{"self":[{"href":"https:\/\/shaman-shop.ch\/fr\/wp-json\/wp\/v2\/product\/21989","targetHints":{"allow":["GET"]}}],"collection":[{"href":"https:\/\/shaman-shop.ch\/fr\/wp-json\/wp\/v2\/product"}],"about":[{"href":"https:\/\/shaman-shop.ch\/fr\/wp-json\/wp\/v2\/types\/product"}],"replies":[{"embeddable":true,"href":"https:\/\/shaman-shop.ch\/fr\/wp-json\/wp\/v2\/comments?post=21989"}],"version-history":[{"count":0,"href":"https:\/\/shaman-shop.ch\/fr\/wp-json\/wp\/v2\/product\/21989\/revisions"}],"wp:featuredmedia":[{"embeddable":true,"href":"https:\/\/shaman-shop.ch\/fr\/wp-json\/wp\/v2\/media\/30541"}],"wp:attachment":[{"href":"https:\/\/shaman-shop.ch\/fr\/wp-json\/wp\/v2\/media?parent=21989"}],"wp:term":[{"taxonomy":"product_brand","embeddable":true,"href":"https:\/\/shaman-shop.ch\/fr\/wp-json\/wp\/v2\/product_brand?post=21989"},{"taxonomy":"product_cat","embeddable":true,"href":"https:\/\/shaman-shop.ch\/fr\/wp-json\/wp\/v2\/product_cat?post=21989"},{"taxonomy":"product_tag","embeddable":true,"href":"https:\/\/shaman-shop.ch\/fr\/wp-json\/wp\/v2\/product_tag?post=21989"}],"curies":[{"name":"wp","href":"https:\/\/api.w.org\/{rel}","templated":true}]}}