{"id":21971,"date":"2024-07-05T17:29:21","date_gmt":"2024-07-05T15:29:21","guid":{"rendered":"https:\/\/shaman-shop.ch\/produkt\/puyanawa-aya-mariri-jagube-rape\/"},"modified":"2026-04-14T11:17:39","modified_gmt":"2026-04-14T09:17:39","slug":"puyanawa-aya-mariri-jagube-rape","status":"publish","type":"product","link":"https:\/\/shaman-shop.ch\/fr\/produkt\/puyanawa-aya-mariri-jagube-rape\/","title":{"rendered":"Puyanawa &#8211; Aya Mariri Jagube Rap\u00e9"},"content":{"rendered":"<p>Jagube est l&rsquo;un des nombreux noms de la liane Banisteriopsis caapi, l&rsquo;ingr\u00e9dient principal de la c\u00e9l\u00e8bre d\u00e9coction d&rsquo;ayahuasca. Certaines tribus indig\u00e8nes et groupes ayahuasqueros, dont la tradition Santo Daime au Br\u00e9sil, utilisent ce nom. Un autre nom connu est Mariri. Cette liane est appel\u00e9e \u00ab\u00a0liane de l&rsquo;\u00e2me\u00a0\u00bb et sert dans leurs traditions de moyen de communication avec le monde spirituel des anc\u00eatres. Les Puyanawa fabriquent leur rap\u00e9 \u00e0 partir des cendres de cette liane, une pratique introduite par leur cacique (chef de tribu). Pour leur sacrement d&rsquo;ayahuasca, ils utilisent principalement l&rsquo;\u00e9corce de la liane, ce qui laisse le bois qui est ensuite utilis\u00e9 pour la production de cendres.     <\/p>\n<p>La liane conf\u00e8re \u00e0 la d\u00e9coction force et endurance, ouvre les visions et assure la mise \u00e0 la terre. Une l\u00e9gende de l&rsquo;Uniao do Vegetal (Union des plantes) d\u00e9crit que la premi\u00e8re pr\u00e9paration d&rsquo;ayahuasca n&rsquo;\u00e9tait compos\u00e9e que des feuilles et que l&rsquo;utilisateur s&rsquo;est \u00e9lev\u00e9 si haut qu&rsquo;il a quitt\u00e9 son corps. Sur sa tombe a alors pouss\u00e9 la liane qui, avec les feuilles, symbolise l&rsquo;union des plantes. Cette histoire souligne l&rsquo;importance de la liane pour la mise \u00e0 la terre et le lien avec la terre.   <\/p>\n<p>L&rsquo;expert en rap\u00e9 Puyanawa explique que les cendres de la liane du rap\u00e9 Puyanawa Jagube transmettent ces propri\u00e9t\u00e9s mystiques et mythiques au rap\u00e9.<\/p>\n<p><strong>Ingr\u00e9dients du Puyanawa Aya Mariri Jagube Rap\u00e9<\/strong><\/p>\n<p>Le m\u00e9lange tire sa saveur d&rsquo;une touche de feuilles de pixuri, l&rsquo;herbe pr\u00e9f\u00e9r\u00e9e des Puyanawa pour ses propri\u00e9t\u00e9s purificatrices et \u00e9l\u00e9vatrices. Les graines de pixuri, \u00e9galement connues sous le nom de noix de muscade br\u00e9silienne, sont \u00e9galement utilis\u00e9es \u00e0 des fins culinaires. Les feuilles sont id\u00e9ales pour les bains d&rsquo;herbes pour la purification \u00e9nerg\u00e9tique et pour d&rsquo;autres applications magiques.  <\/p>\n<p>La puissance du m\u00e9lange est assur\u00e9e par le tabac Sabia, puissant et \u00e9prouv\u00e9.<\/p>\n","protected":false},"excerpt":{"rendered":"<ul>\n<li>Contient des cendres de Banisteriopsis caapi liana, connu sous le nom de jagube ou mariri, ingr\u00e9dient principal de l\u2019infusion d\u2019ayahuasca.<\/li>\n<li>Production traditionnelle des Puyanawa, introduite par leur chef tribal.<\/li>\n<li>Contient des feuilles de Pixuri pour des propri\u00e9t\u00e9s nettoyantes et \u00e9difiantes.<\/li>\n<li>Le tabac fort Sabia offre une force suppl\u00e9mentaire.<\/li>\n<\/ul>\n","protected":false},"featured_media":30533,"comment_status":"open","ping_status":"closed","template":"","meta":[],"product_brand":[],"product_cat":[549,1312,539],"product_tag":[931,930,932,819],"class_list":{"0":"post-21971","1":"product","2":"type-product","3":"status-publish","4":"has-post-thumbnail","6":"product_cat-001-rape-fr","7":"product_cat-rapee-sananga-fr","8":"product_cat-tous-les-produits","9":"product_tag-aya-mariri-fr","10":"product_tag-jagbube-fr","11":"product_tag-puyanawa-fr","12":"product_tag-viol","13":"product_shipping_class-a-post","14":"pa_herkunft-bresil","15":"pa_tribe-puyanawa-fr","17":"first","18":"instock","19":"taxable","20":"shipping-taxable","21":"purchasable","22":"product-type-variable","23":"has-default-attributes"},"lager_box_nr":"","_links":{"self":[{"href":"https:\/\/shaman-shop.ch\/fr\/wp-json\/wp\/v2\/product\/21971","targetHints":{"allow":["GET"]}}],"collection":[{"href":"https:\/\/shaman-shop.ch\/fr\/wp-json\/wp\/v2\/product"}],"about":[{"href":"https:\/\/shaman-shop.ch\/fr\/wp-json\/wp\/v2\/types\/product"}],"replies":[{"embeddable":true,"href":"https:\/\/shaman-shop.ch\/fr\/wp-json\/wp\/v2\/comments?post=21971"}],"version-history":[{"count":0,"href":"https:\/\/shaman-shop.ch\/fr\/wp-json\/wp\/v2\/product\/21971\/revisions"}],"wp:featuredmedia":[{"embeddable":true,"href":"https:\/\/shaman-shop.ch\/fr\/wp-json\/wp\/v2\/media\/30533"}],"wp:attachment":[{"href":"https:\/\/shaman-shop.ch\/fr\/wp-json\/wp\/v2\/media?parent=21971"}],"wp:term":[{"taxonomy":"product_brand","embeddable":true,"href":"https:\/\/shaman-shop.ch\/fr\/wp-json\/wp\/v2\/product_brand?post=21971"},{"taxonomy":"product_cat","embeddable":true,"href":"https:\/\/shaman-shop.ch\/fr\/wp-json\/wp\/v2\/product_cat?post=21971"},{"taxonomy":"product_tag","embeddable":true,"href":"https:\/\/shaman-shop.ch\/fr\/wp-json\/wp\/v2\/product_tag?post=21971"}],"curies":[{"name":"wp","href":"https:\/\/api.w.org\/{rel}","templated":true}]}}