{"id":21519,"date":"2024-10-27T00:10:39","date_gmt":"2024-10-26T22:10:39","guid":{"rendered":"https:\/\/shaman-shop.ch\/produkt\/peter-hess-sangha-bols-chantants-argent-qualite-env-1500g\/"},"modified":"2025-08-17T15:49:41","modified_gmt":"2025-08-17T13:49:41","slug":"peter-hess-sangha-bols-chantants-argent-qualite-env-1500g","status":"publish","type":"product","link":"https:\/\/shaman-shop.ch\/fr\/produkt\/peter-hess-sangha-bols-chantants-argent-qualite-env-1500g\/","title":{"rendered":"Peter Hess Sangha Bol chantant env. 1500g"},"content":{"rendered":"<p><strong>Bols chantants de m\u00e9ditation Peter Hess Sangha &#8211; id\u00e9aux pour le travail sonore, la m\u00e9ditation et les voyages fantastiques<\/strong><\/p>\n<p>Les bols chantants Sangha Meditation de Peter Hess sont sp\u00e9cialement con\u00e7us pour le travail sonore professionnel &#8211; qu\u2019il s\u2019agisse de m\u00e9ditation, de concerts ou de voyages fantastiques. Avec un poids d\u2019environ 1500 g, ils impressionnent par leur qualit\u00e9 sonore extraordinaire et durable, qui s\u2019harmonise \u00e9galement parfaitement dans les sets ou en combinaison avec des bols chantants th\u00e9rapeutiques.<\/p>\n<h3>Particularit\u00e9s des bols chantants de m\u00e9ditation Sangha :<\/h3>\n<ul>\n<li><strong>Son de haute qualit\u00e9 :<\/strong> Un son clair et fin qui a \u00e9t\u00e9 cr\u00e9\u00e9 gr\u00e2ce \u00e0 un travail intensif de recherche et de d\u00e9veloppement par Peter Hess.<\/li>\n<li><strong>Polyvalent:<\/strong> Id\u00e9al pour les m\u00e9ditations, les voyages sonores, le nettoyage des pi\u00e8ces en Feng Shui ou comme objet de d\u00e9coration de haute qualit\u00e9.<\/li>\n<li><strong>Qualit\u00e9 test\u00e9e :<\/strong> Chaque bol subit des contr\u00f4les de qualit\u00e9 \u00e9labor\u00e9s et subit \u00e9galement un processus de forgeage sp\u00e9cial pour une profondeur sonore encore plus intense.<\/li>\n<\/ul>\n<h3>Son et qualit\u00e9<\/h3>\n<p>Gr\u00e2ce aux sept m\u00e9taux plan\u00e9taires qu\u2019il contient, dont le cuivre (V\u00e9nus) et l\u2019\u00e9tain (Jupiter), un son harmonieux et soutenu est cr\u00e9\u00e9. Le processus sp\u00e9cial de forgeage et de polissage \u00e0 la main assure une vibration exceptionnellement claire et durable.<\/p>\n<audio class=\"wp-audio-shortcode\" id=\"audio-21519-1\" preload=\"none\" style=\"width: 100%;\" controls=\"controls\"><source type=\"audio\/mpeg\" src=\"https:\/\/shaman-shop.ch\/wp-content\/uploads\/8256_sangha-klangschale-silber-1500g.mp3?_=1\" \/><a href=\"https:\/\/shaman-shop.ch\/wp-content\/uploads\/8256_sangha-klangschale-silber-1500g.mp3\">https:\/\/shaman-shop.ch\/wp-content\/uploads\/8256_sangha-klangschale-silber-1500g.mp3<\/a><\/audio>\n<h3>Accessoires pour un son parfait<\/h3>\n<p>Le battant droit a une influence d\u00e9cisive sur la hauteur : un grand battant doux produit des tons graves, tandis qu\u2019un petit battant dur \u00e9voque des tons plus aigus. Avec un maillet recouvert de cuir, le bol chantant de la sangha peut m\u00eame \u00eatre fait pour \u00ab&nbsp;chanter&nbsp;\u00bb. Une sous-couche appropri\u00e9e, telle qu\u2019un coussin d\u00e9coratif pour bol chantant, assure la qualit\u00e9 sonore et \u00e9vite les bruits de fond g\u00eanants.<\/p>\n<h3>Remarque importante<\/h3>\n<p>Les tol\u00e9rances de poids des bols chantants de sangha peuvent varier l\u00e9g\u00e8rement, ce qui souligne leur caract\u00e8re unique.<\/p>\n<p>D\u00e9couvrez les bols chantants de la Sangha et d\u00e9couvrez le son de haute qualit\u00e9 de Peter Hess &#8211; parfait pour la m\u00e9ditation et les voyages fantastiques.<\/p>\n","protected":false},"excerpt":{"rendered":"<ul>\n<li>Bol chantant de m\u00e9ditation professionnel avec un son clair et durable, id\u00e9al pour la m\u00e9ditation et les voyages fantastiques<\/li>\n<li>Fabrication de haute qualit\u00e9 en sept m\u00e9taux plan\u00e9taires pour des vibrations sonores harmonieuses<\/li>\n<li>Polyvalent : pour les voyages sonores, le nettoyage des pi\u00e8ces ou comme objet de d\u00e9coration \u00e9l\u00e9gant<\/li>\n<li>Qualit\u00e9 Peter Hess test\u00e9e avec un processus de forgeage suppl\u00e9mentaire pour une profondeur de son exceptionnelle<\/li>\n<\/ul>\n","protected":false},"featured_media":21130,"comment_status":"open","ping_status":"closed","template":"","meta":[],"product_brand":[],"product_cat":[539,635],"product_tag":[761,763,765,764],"class_list":{"0":"post-21519","1":"product","2":"type-product","3":"status-publish","4":"has-post-thumbnail","6":"product_cat-tous-les-produits","7":"product_cat-instruments-fr","8":"product_tag-bol-chantant","9":"product_tag-bol-chantant-peter-hess","10":"product_tag-bols-chantants-de-la-sangha","11":"product_tag-peter-hess-sangha-bols-chantants","12":"product_shipping_class-postpac-priority","13":"pa_brand-peter-hess","15":"first","16":"instock","17":"taxable","18":"shipping-taxable","19":"purchasable","20":"product-type-simple"},"lager_box_nr":"","_links":{"self":[{"href":"https:\/\/shaman-shop.ch\/fr\/wp-json\/wp\/v2\/product\/21519","targetHints":{"allow":["GET"]}}],"collection":[{"href":"https:\/\/shaman-shop.ch\/fr\/wp-json\/wp\/v2\/product"}],"about":[{"href":"https:\/\/shaman-shop.ch\/fr\/wp-json\/wp\/v2\/types\/product"}],"replies":[{"embeddable":true,"href":"https:\/\/shaman-shop.ch\/fr\/wp-json\/wp\/v2\/comments?post=21519"}],"version-history":[{"count":0,"href":"https:\/\/shaman-shop.ch\/fr\/wp-json\/wp\/v2\/product\/21519\/revisions"}],"wp:featuredmedia":[{"embeddable":true,"href":"https:\/\/shaman-shop.ch\/fr\/wp-json\/wp\/v2\/media\/21130"}],"wp:attachment":[{"href":"https:\/\/shaman-shop.ch\/fr\/wp-json\/wp\/v2\/media?parent=21519"}],"wp:term":[{"taxonomy":"product_brand","embeddable":true,"href":"https:\/\/shaman-shop.ch\/fr\/wp-json\/wp\/v2\/product_brand?post=21519"},{"taxonomy":"product_cat","embeddable":true,"href":"https:\/\/shaman-shop.ch\/fr\/wp-json\/wp\/v2\/product_cat?post=21519"},{"taxonomy":"product_tag","embeddable":true,"href":"https:\/\/shaman-shop.ch\/fr\/wp-json\/wp\/v2\/product_tag?post=21519"}],"curies":[{"name":"wp","href":"https:\/\/api.w.org\/{rel}","templated":true}]}}